{"id":671,"date":"2021-06-23T23:02:00","date_gmt":"2021-06-23T21:02:00","guid":{"rendered":"https:\/\/www.sugofood.com\/?page_id=671"},"modified":"2025-09-24T10:01:19","modified_gmt":"2025-09-24T08:01:19","slug":"rolunk-2","status":"publish","type":"page","link":"https:\/\/www.sugofood.com\/en\/","title":{"rendered":"About us"},"content":{"rendered":"<div class=\"vc_row wpb_row vc_row-fluid vc_custom_1624484550715 vc_row-o-equal-height vc_row-flex\"><div class=\"wpb_column vc_column_container vc_col-sm-6\"><div class=\"vc_column-inner\"><div class=\"wpb_wrapper\"><div class=\"vc_separator wpb_content_element vc_separator_align_left vc_sep_width_100 vc_sep_border_width_2 vc_sep_pos_align_left vc_sep_color_green vc_separator-has-text\" ><span class=\"vc_sep_holder vc_sep_holder_l\"><span  class=\"vc_sep_line\"><\/span><\/span><h4>About us<\/h4><span class=\"vc_sep_holder vc_sep_holder_r\"><span  class=\"vc_sep_line\"><\/span><\/span>\n<\/div>\n\t<div class=\"wpb_text_column wpb_content_element\" >\n\t\t<div class=\"wpb_wrapper\">\n\t\t\t<h3>SUGO FOOD KFT.<\/h3>\n<p style=\"font-weight: 400;\" class=\" translation-block\">With a Belgian ownership background, <strong>SUGO FOOD Kft.<\/strong> is one of Hungary\u2019s leading companies engaged in producing and selling deep-frozen vegetables and tortilla chips.\nWe sell our products produced under high quality requirements worldwide for our market leading customers, thereby playing a decisive role on the FMCG market.\n<br><\/p>\n\n\t\t<\/div>\n\t<\/div>\n<\/div><\/div><\/div><div class=\"wpb_column vc_column_container vc_col-sm-6 vc_col-has-fill\"><div class=\"vc_column-inner vc_custom_1624482424272\"><div class=\"wpb_wrapper\"><\/div><\/div><\/div><\/div><div data-vc-full-width=\"true\" data-vc-full-width-init=\"false\" class=\"vc_row wpb_row vc_row-fluid vc_custom_1575453801960 vc_row-has-fill vc_row-o-equal-height vc_row-flex\"><div class=\"wpb_column vc_column_container vc_col-sm-12\"><div class=\"vc_column-inner\"><div class=\"wpb_wrapper\"><div class=\"vc_separator wpb_content_element vc_separator_align_left vc_sep_width_100 vc_sep_border_width_2 vc_sep_pos_align_left vc_sep_color_green vc_separator-has-text\" ><span class=\"vc_sep_holder vc_sep_holder_l\"><span  class=\"vc_sep_line\"><\/span><\/span><h4>About us in numbers #1<\/h4><span class=\"vc_sep_holder vc_sep_holder_r\"><span  class=\"vc_sep_line\"><\/span><\/span>\n<\/div><div class=\"vc_row wpb_row vc_inner vc_row-fluid\"><div class=\"wpb_column vc_column_container vc_col-sm-6\"><div class=\"vc_column-inner vc_custom_1575392633420\"><div class=\"wpb_wrapper\"><div class=\"stats-block stats-top\"><div class=\"aio-icon-top\"><div class=\"ult-just-icon-wrapper\"><div class=\"align-icon\" style=\"text-align:center;\"><\/div><\/div><\/div><div class=\"stats-desc\" id=\"counter-responsv-wrap-5457\"><div id=\"counter_297777960669eb77ce33149\" data-id=\"counter_297777960669eb77ce33149\"  data-ultimate-target='#counter-responsv-wrap-5457 .stats-number'  data-responsive-json-new='{\"font-size\":\"desktop:60px;mobile:40px;\",\"line-height\":\"desktop:70px;\"}'  class=\"stats-number ult-responsive\" style=\" color:#110979; font-weight:bold;color:#222222;\" data-speed=\"2\" data-counter-value=\"25000\" data-separator=\",\" data-decimal=\"none\">0<\/div><div class=\"counter_suffix mycust ult-responsive\"  data-ultimate-target='#counter-responsv-wrap-5457 .mycust'  data-responsive-json-new='{\"font-size\":\"desktop:60px;mobile:40px;\",\"line-height\":\"desktop:70px;\"}'  style=\" font-weight:bold;color:#222222\">tons\/year<\/div><div id=\"counter_297777960669eb77ce33149\"  data-ultimate-target='#counter-responsv-wrap-5457 .stats-text'  data-responsive-json-new='{\"font-size\":\"desktop:20px;\",\"line-height\":\"desktop:28px;\"}'  class=\"stats-text ult-responsive\" style=\"font-size:px; color:#110979; font-weight:bold;\">Frozen vegetables production capacity<\/div><\/div><\/div><\/div><\/div><\/div><div class=\"wpb_column vc_column_container vc_col-sm-6\"><div class=\"vc_column-inner vc_custom_1575392638122\"><div class=\"wpb_wrapper\"><div class=\"stats-block stats-top\"><div class=\"aio-icon-top\"><div class=\"ult-just-icon-wrapper\"><div class=\"align-icon\" style=\"text-align:center;\"><\/div><\/div><\/div><div class=\"stats-desc\" id=\"counter-responsv-wrap-7715\"><div id=\"counter_332149630669eb77ce3331d\" data-id=\"counter_332149630669eb77ce3331d\"  data-ultimate-target='#counter-responsv-wrap-7715 .stats-number'  data-responsive-json-new='{\"font-size\":\"desktop:60px;mobile:40px;\",\"line-height\":\"desktop:70px;\"}'  class=\"stats-number ult-responsive\" style=\" color:#110979; font-weight:bold;color:#222222;\" data-speed=\"2\" data-counter-value=\"50000\" data-separator=\",\" data-decimal=\"none\">0<\/div><div class=\"counter_suffix mycust ult-responsive\"  data-ultimate-target='#counter-responsv-wrap-7715 .mycust'  data-responsive-json-new='{\"font-size\":\"desktop:60px;mobile:40px;\",\"line-height\":\"desktop:70px;\"}'  style=\" font-weight:bold;color:#222222\">tons\/year<\/div><div id=\"counter_332149630669eb77ce3331d\"  data-ultimate-target='#counter-responsv-wrap-7715 .stats-text'  data-responsive-json-new='{\"font-size\":\"desktop:20px;\",\"line-height\":\"desktop:28px;\"}'  class=\"stats-text ult-responsive\" style=\"font-size:px; color:#110979; font-weight:bold;\">Packaging production capacity<\/div><\/div><\/div><\/div><\/div><\/div><\/div><\/div><\/div><\/div><\/div><div class=\"vc_row-full-width vc_clearfix\"><\/div><div class=\"vc_row wpb_row vc_row-fluid vc_custom_1624484556022 vc_row-o-equal-height vc_row-flex\"><div class=\"wpb_column vc_column_container vc_col-sm-6 vc_col-has-fill\"><div class=\"vc_column-inner vc_custom_1624483455216\"><div class=\"wpb_wrapper\"><\/div><\/div><\/div><div class=\"wpb_column vc_column_container vc_col-sm-6\"><div class=\"vc_column-inner\"><div class=\"wpb_wrapper\">\n\t<div class=\"wpb_text_column wpb_content_element\" >\n\t\t<div class=\"wpb_wrapper\">\n\t\t\t<p>It started its new phase by its current name in 2019.<br \/>\nThe factory\u00a0<strong>produces exclusively Private Label products<\/strong>\u00a0for retail groups, HORECA and B2B partners<\/p>\n\n\t\t<\/div>\n\t<\/div>\n<\/div><\/div><\/div><\/div><div data-vc-full-width=\"true\" data-vc-full-width-init=\"false\" class=\"vc_row wpb_row vc_row-fluid vc_custom_1575453801960 vc_row-has-fill vc_row-o-equal-height vc_row-flex\"><div class=\"wpb_column vc_column_container vc_col-sm-12\"><div class=\"vc_column-inner\"><div class=\"wpb_wrapper\"><div class=\"vc_separator wpb_content_element vc_separator_align_left vc_sep_width_100 vc_sep_border_width_2 vc_sep_pos_align_left vc_sep_color_green vc_separator-has-text\" ><span class=\"vc_sep_holder vc_sep_holder_l\"><span  class=\"vc_sep_line\"><\/span><\/span><h4>About us in numbers #2<\/h4><span class=\"vc_sep_holder vc_sep_holder_r\"><span  class=\"vc_sep_line\"><\/span><\/span>\n<\/div><div class=\"vc_row wpb_row vc_inner vc_row-fluid\"><div class=\"wpb_column vc_column_container vc_col-sm-6\"><div class=\"vc_column-inner vc_custom_1575392633420\"><div class=\"wpb_wrapper\"><div class=\"stats-block stats-top\"><div class=\"aio-icon-top\"><div class=\"ult-just-icon-wrapper\"><div class=\"align-icon\" style=\"text-align:center;\"><\/div><\/div><\/div><div class=\"stats-desc\" id=\"counter-responsv-wrap-7552\"><div id=\"counter_383609625169eb77ce341aa\" data-id=\"counter_383609625169eb77ce341aa\"  data-ultimate-target='#counter-responsv-wrap-7552 .stats-number'  data-responsive-json-new='{\"font-size\":\"desktop:60px;mobile:40px;\",\"line-height\":\"desktop:70px;\"}'  class=\"stats-number ult-responsive\" style=\" color:#110979; font-weight:bold;color:#222222;\" data-speed=\"2\" data-counter-value=\"20000\" data-separator=\",\" data-decimal=\"none\">0<\/div><div class=\"counter_suffix mycust ult-responsive\"  data-ultimate-target='#counter-responsv-wrap-7552 .mycust'  data-responsive-json-new='{\"font-size\":\"desktop:60px;mobile:40px;\",\"line-height\":\"desktop:70px;\"}'  style=\" font-weight:bold;color:#222222\">Pallet<\/div><div id=\"counter_383609625169eb77ce341aa\"  data-ultimate-target='#counter-responsv-wrap-7552 .stats-text'  data-responsive-json-new='{\"font-size\":\"desktop:20px;\",\"line-height\":\"desktop:28px;\"}'  class=\"stats-text ult-responsive\" style=\"font-size:px; color:#110979; font-weight:bold;\">Storage capacity<\/div><\/div><\/div><\/div><\/div><\/div><div class=\"wpb_column vc_column_container vc_col-sm-6\"><div class=\"vc_column-inner vc_custom_1575392638122\"><div class=\"wpb_wrapper\"><div class=\"stats-block stats-top\"><div class=\"aio-icon-top\"><div class=\"ult-just-icon-wrapper\"><div class=\"align-icon\" style=\"text-align:center;\"><\/div><\/div><\/div><div class=\"stats-desc\" id=\"counter-responsv-wrap-8456\"><div id=\"counter_49868051369eb77ce3436d\" data-id=\"counter_49868051369eb77ce3436d\"  data-ultimate-target='#counter-responsv-wrap-8456 .stats-number'  data-responsive-json-new='{\"font-size\":\"desktop:60px;mobile:40px;\",\"line-height\":\"desktop:70px;\"}'  class=\"stats-number ult-responsive\" style=\" color:#110979; font-weight:bold;color:#222222;\" data-speed=\"2\" data-counter-value=\"250\" data-separator=\",\" data-decimal=\"none\">0<\/div><div class=\"counter_suffix mycust ult-responsive\"  data-ultimate-target='#counter-responsv-wrap-8456 .mycust'  data-responsive-json-new='{\"font-size\":\"desktop:60px;mobile:40px;\",\"line-height\":\"desktop:70px;\"}'  style=\" font-weight:bold;color:#222222\">Employee<\/div><div id=\"counter_49868051369eb77ce3436d\"  data-ultimate-target='#counter-responsv-wrap-8456 .stats-text'  data-responsive-json-new='{\"font-size\":\"desktop:20px;\",\"line-height\":\"desktop:28px;\"}'  class=\"stats-text ult-responsive\" style=\"font-size:px; color:#110979; font-weight:bold;\">In production season<\/div><\/div><\/div><\/div><\/div><\/div><\/div><\/div><\/div><\/div><\/div><div class=\"vc_row-full-width vc_clearfix\"><\/div><div class=\"vc_row wpb_row vc_row-fluid vc_custom_1631127005490 vc_row-o-equal-height vc_row-flex\"><div class=\"wpb_column vc_column_container vc_col-sm-12\"><div class=\"vc_column-inner\"><div class=\"wpb_wrapper\">\n\t<div class=\"wpb_text_column wpb_content_element\" >\n\t\t<div class=\"wpb_wrapper\">\n\t\t\t<h3>OUR BUSINESS GOAL<\/h3>\n<p style=\"text-align: center;\"><b>To be a reliable and long-term business partner<\/b>\u00a0for our existing and future customers, relying primarily on our domestically produced products.<\/p>\n\n\t\t<\/div>\n\t<\/div>\n<\/div><\/div><\/div><\/div><div class=\"vc_row wpb_row vc_row-fluid\"><div class=\"wpb_column vc_column_container vc_col-sm-12\"><div class=\"vc_column-inner\"><div class=\"wpb_wrapper\">\n\t<div class=\"wpb_text_column wpb_content_element\" >\n\t\t<div class=\"wpb_wrapper\">\n\t\t\t<div class=\"map_wrapper\" id=\"map_wrapper_3510\">\n\t\t\t\t<div class=\"map_box\" style=\"max-width:2000px\">\n\t\t\t\t\t\n\t\t\t\t\t<div class=\"map_aspect_ratio\" style=\"padding-top:56%\">\n\t\t\t\t\t\t<div class=\"map_container\">\n\t\t\t\t\t\t\t<div class=\"map_render map_loading\" id=\"map_3510\"><\/div>\n\t\t\t\t\t\t<\/div>\n\t\t\t\t\t<\/div>\n\t\t\t\t<\/div>\n\t\t\t<\/div>\n\n\t\t<\/div>\n\t<\/div>\n<\/div><\/div><\/div><\/div><div data-vc-full-width=\"true\" data-vc-full-width-init=\"false\" class=\"vc_row wpb_row vc_row-fluid vc_custom_1575453801960 vc_row-has-fill vc_row-o-equal-height vc_row-flex\"><div class=\"wpb_column vc_column_container vc_col-sm-12\"><div class=\"vc_column-inner\"><div class=\"wpb_wrapper\"><div class=\"vc_separator wpb_content_element vc_separator_align_left vc_sep_width_100 vc_sep_border_width_2 vc_sep_pos_align_left vc_sep_color_green vc_separator-has-text\" ><span class=\"vc_sep_holder vc_sep_holder_l\"><span  class=\"vc_sep_line\"><\/span><\/span><h4>About us in numbers #3<\/h4><span class=\"vc_sep_holder vc_sep_holder_r\"><span  class=\"vc_sep_line\"><\/span><\/span>\n<\/div><div class=\"vc_row wpb_row vc_inner vc_row-fluid\"><div class=\"wpb_column vc_column_container vc_col-sm-6\"><div class=\"vc_column-inner vc_custom_1575392633420\"><div class=\"wpb_wrapper\"><div class=\"stats-block stats-top\"><div class=\"aio-icon-top\"><div class=\"ult-just-icon-wrapper\"><div class=\"align-icon\" style=\"text-align:center;\"><\/div><\/div><\/div><div class=\"stats-desc\" id=\"counter-responsv-wrap-9614\"><div id=\"counter_116042569469eb77ce35e58\" data-id=\"counter_116042569469eb77ce35e58\"  data-ultimate-target='#counter-responsv-wrap-9614 .stats-number'  data-responsive-json-new='{\"font-size\":\"desktop:60px;mobile:40px;\",\"line-height\":\"desktop:70px;\"}'  class=\"stats-number ult-responsive\" style=\" color:#110979; font-weight:bold;color:#222222;\" data-speed=\"2\" data-counter-value=\"55\" data-separator=\",\" data-decimal=\"none\">0<\/div><div class=\"counter_suffix mycust ult-responsive\"  data-ultimate-target='#counter-responsv-wrap-9614 .mycust'  data-responsive-json-new='{\"font-size\":\"desktop:60px;mobile:40px;\",\"line-height\":\"desktop:70px;\"}'  style=\" font-weight:bold;color:#222222\">% Sales revenue<\/div><div id=\"counter_116042569469eb77ce35e58\"  data-ultimate-target='#counter-responsv-wrap-9614 .stats-text'  data-responsive-json-new='{\"font-size\":\"desktop:20px;\",\"line-height\":\"desktop:28px;\"}'  class=\"stats-text ult-responsive\" style=\"font-size:px; color:#110979; font-weight:bold;\">domestic sales<\/div><\/div><\/div><\/div><\/div><\/div><div class=\"wpb_column vc_column_container vc_col-sm-6\"><div class=\"vc_column-inner vc_custom_1575392638122\"><div class=\"wpb_wrapper\"><div class=\"stats-block stats-top\"><div class=\"aio-icon-top\"><div class=\"ult-just-icon-wrapper\"><div class=\"align-icon\" style=\"text-align:center;\"><\/div><\/div><\/div><div class=\"stats-desc\" id=\"counter-responsv-wrap-1695\"><div id=\"counter_375034547569eb77ce36035\" data-id=\"counter_375034547569eb77ce36035\"  data-ultimate-target='#counter-responsv-wrap-1695 .stats-number'  data-responsive-json-new='{\"font-size\":\"desktop:60px;mobile:40px;\",\"line-height\":\"desktop:70px;\"}'  class=\"stats-number ult-responsive\" style=\" color:#110979; font-weight:bold;color:#222222;\" data-speed=\"2\" data-counter-value=\"45\" data-separator=\",\" data-decimal=\"none\">0<\/div><div class=\"counter_suffix mycust ult-responsive\"  data-ultimate-target='#counter-responsv-wrap-1695 .mycust'  data-responsive-json-new='{\"font-size\":\"desktop:60px;mobile:40px;\",\"line-height\":\"desktop:70px;\"}'  style=\" font-weight:bold;color:#222222\">% Sales revenue<\/div><div id=\"counter_375034547569eb77ce36035\"  data-ultimate-target='#counter-responsv-wrap-1695 .stats-text'  data-responsive-json-new='{\"font-size\":\"desktop:20px;\",\"line-height\":\"desktop:28px;\"}'  class=\"stats-text ult-responsive\" style=\"font-size:px; color:#110979; font-weight:bold;\">export sales<\/div><\/div><\/div><\/div><\/div><\/div><\/div><\/div><\/div><\/div><\/div><div class=\"vc_row-full-width vc_clearfix\"><\/div>","protected":false},"excerpt":{"rendered":"<p>R\u00f3lunk SUGO FOOD KFT. A belga tulajdonosi h\u00e1tt\u00e9rrel rendelkez\u0151\u00a0SUGO FOOD Kft.\u00a0Magyarorsz\u00e1g egyik vezet\u0151, gyorsfagyasztott z\u00f6lds\u00e9gek \u00e9s tortilla chips el\u0151\u00e1ll\u00edt\u00e1s\u00e1val \u00e9s \u00e9rt\u00e9kes\u00edt\u00e9s\u00e9vel foglalkoz\u00f3 v\u00e1llalkoz\u00e1sa. A magas min\u0151s\u00e9gi k\u00f6vetelm\u00e9nyek alapj\u00e1n gy\u00e1rtott \u00a0term\u00e9keinket vil\u00e1gszerte \u00e9rt\u00e9kes\u00edtj\u00fck, piacvezet\u0151 \u00fcgyfeleink sz\u00e1m\u00e1ra, meghat\u00e1roz\u00f3 szerepet bet\u00f6ltve ezzel az FMCG piacon. R\u00f3lunk sz\u00e1mokban #1 0tonna\/\u00e9vFagyasztott z\u00f6lds\u00e9g gy\u00e1rt\u00f3kapacit\u00e1s0tonna\/\u00e9vCsomagol\u00e1si gy\u00e1rt\u00f3kapacit\u00e1s Mai nev\u00e9n a 2019-ben kezdte meg&hellip;<\/p>","protected":false},"author":2,"featured_media":0,"parent":0,"menu_order":0,"comment_status":"closed","ping_status":"closed","template":"","meta":[],"_links":{"self":[{"href":"https:\/\/www.sugofood.com\/en\/wp-json\/wp\/v2\/pages\/671"}],"collection":[{"href":"https:\/\/www.sugofood.com\/en\/wp-json\/wp\/v2\/pages"}],"about":[{"href":"https:\/\/www.sugofood.com\/en\/wp-json\/wp\/v2\/types\/page"}],"author":[{"embeddable":true,"href":"https:\/\/www.sugofood.com\/en\/wp-json\/wp\/v2\/users\/2"}],"replies":[{"embeddable":true,"href":"https:\/\/www.sugofood.com\/en\/wp-json\/wp\/v2\/comments?post=671"}],"version-history":[{"count":22,"href":"https:\/\/www.sugofood.com\/en\/wp-json\/wp\/v2\/pages\/671\/revisions"}],"predecessor-version":[{"id":3622,"href":"https:\/\/www.sugofood.com\/en\/wp-json\/wp\/v2\/pages\/671\/revisions\/3622"}],"wp:attachment":[{"href":"https:\/\/www.sugofood.com\/en\/wp-json\/wp\/v2\/media?parent=671"}],"curies":[{"name":"wp","href":"https:\/\/api.w.org\/{rel}","templated":true}]}}