{"id":3500,"date":"2021-06-24T08:03:18","date_gmt":"2021-06-24T06:03:18","guid":{"rendered":"https:\/\/www.sugofood.com\/?page_id=3500"},"modified":"2021-09-26T16:39:00","modified_gmt":"2021-09-26T14:39:00","slug":"minoseg-2","status":"publish","type":"page","link":"https:\/\/www.sugofood.com\/en\/minoseg-2\/","title":{"rendered":"Quality"},"content":{"rendered":"<div class=\"vc_row wpb_row vc_row-fluid vc_custom_1624484925238 vc_row-o-equal-height vc_row-flex\"><div class=\"wpb_column vc_column_container vc_col-sm-12\"><div class=\"vc_column-inner\"><div class=\"wpb_wrapper\">\n\t<div class=\"wpb_text_column wpb_content_element\" >\n\t\t<div class=\"wpb_wrapper\">\n\t\t\t<p>SUGO FOOD KFT aims to continuously <strong>ensure and develop the quality and safety of our products as well as the satisfaction of our customers  in order to enhance our competitiveness.<\/strong><\/p>\n<h3>WE ARE COMMITTED TO MAINTAINING AND PROMOTING QUALITY ABOVE ALL AND TO PRESERVING THE PRESTIGE PROVIDED BY THE QUALITY OF THE PRODUCTS.<\/h3>\n<p class=\" translation-block\">We produce our products under regular monitoring and regulated conditions in order to meet the current product specifications, legislations, regulations, customer requirements and food safety standards.<\/p>\n<p class=\" translation-block\">We seek to fully focus on and respect the health, interests and wishes of the customers, for this, we maintain a close relationship with our Customers to be continuously informed about their needs and expectations, earn and keep their trust, thereby achieving their satisfaction.<\/p>\n\n\t\t<\/div>\n\t<\/div>\n<div class=\"vc_row wpb_row vc_inner vc_row-fluid\"><div class=\"wpb_column vc_column_container vc_col-sm-4\"><div class=\"vc_column-inner\"><div class=\"wpb_wrapper\">\n\t<div  class=\"wpb_single_image wpb_content_element vc_align_center\">\n\t\t\n\t\t<figure class=\"wpb_wrapper vc_figure\">\n\t\t\t<a href=\"https:\/\/www.sugofood.com\/wp-content\/uploads\/2021\/09\/vegetables2.jpg\" target=\"_self\"  class=\"vc_single_image-wrapper   vc_box_border_grey dt-pswp-item rollover rollover-zoom\" data-large_image_width=\"500\" data-large_image_height = \"300\"     ><img class=\"vc_single_image-img\" src=\"https:\/\/www.sugofood.com\/wp-content\/uploads\/2021\/09\/vegetables2-300x300.jpg\" width=\"300\" height=\"300\" alt=\"vegetables2\" title=\"vegetables2\"  data-dt-location=\"https:\/\/www.sugofood.com\/en\/minoseg-2\/vegetables2\/\" \/><\/a>\n\t\t<\/figure>\n\t<\/div>\n<\/div><\/div><\/div><div class=\"wpb_column vc_column_container vc_col-sm-4\"><div class=\"vc_column-inner\"><div class=\"wpb_wrapper\">\n\t<div  class=\"wpb_single_image wpb_content_element vc_align_center\">\n\t\t\n\t\t<figure class=\"wpb_wrapper vc_figure\">\n\t\t\t<a href=\"https:\/\/www.sugofood.com\/wp-content\/uploads\/2020\/05\/istockphoto-1147099228-612x612-1.jpg\" target=\"_self\"  class=\"vc_single_image-wrapper   vc_box_border_grey dt-pswp-item rollover rollover-zoom\" data-large_image_width=\"612\" data-large_image_height = \"408\"     ><img class=\"vc_single_image-img\" src=\"https:\/\/www.sugofood.com\/wp-content\/uploads\/2020\/05\/istockphoto-1147099228-612x612-1-300x300.jpg\" width=\"300\" height=\"300\" alt=\"Biotechnology woman engineer examining and record data plant leaf for disease, science and research concept\" title=\"istockphoto-1147099228-612x612\"  data-dt-location=\"https:\/\/www.sugofood.com\/en\/termekek\/istockphoto-1147099228-612x612\/\" \/><\/a>\n\t\t<\/figure>\n\t<\/div>\n<\/div><\/div><\/div><div class=\"wpb_column vc_column_container vc_col-sm-4\"><div class=\"vc_column-inner\"><div class=\"wpb_wrapper\">\n\t<div  class=\"wpb_single_image wpb_content_element vc_align_center\">\n\t\t\n\t\t<figure class=\"wpb_wrapper vc_figure\">\n\t\t\t<a href=\"https:\/\/www.sugofood.com\/wp-content\/uploads\/2021\/09\/pic_1.jpg\" target=\"_self\"  class=\"vc_single_image-wrapper   vc_box_border_grey dt-pswp-item rollover rollover-zoom\" data-large_image_width=\"300\" data-large_image_height = \"300\"     ><img class=\"vc_single_image-img\" src=\"https:\/\/www.sugofood.com\/wp-content\/uploads\/2021\/09\/pic_1.jpg\" width=\"300\" height=\"300\" alt=\"pic_1\" title=\"pic_1\"  data-dt-location=\"https:\/\/www.sugofood.com\/en\/minoseg-2\/pic_1\/\" \/><\/a>\n\t\t<\/figure>\n\t<\/div>\n<\/div><\/div><\/div><\/div><\/div><\/div><\/div><\/div>","protected":false},"excerpt":{"rendered":"<p>A SUGO FOOD KFT c\u00e9lja versenyk\u00e9pess\u00e9g\u00fcnk fokoz\u00e1sa \u00e9rdek\u00e9ben term\u00e9keink min\u0151s\u00e9g\u00e9nek, biztons\u00e1g\u00e1nak, vev\u0151ink el\u00e9gedetts\u00e9g\u00e9nek folyamatos biztos\u00edt\u00e1sa \u00e9s fejleszt\u00e9se. Elk\u00f6telezettek vagyunk a min\u0151s\u00e9g mindenek felett val\u00f3 \u00e9rv\u00e9nyes\u00edt\u00e9s\u00e9\u00e9rt \u00e9s n\u00e9pszer\u0171s\u00edt\u00e9s\u00e9\u00e9rt, a term\u00e9kek min\u0151s\u00e9g\u00e9nek k\u00f6sz\u00f6nhet\u0151 tekint\u00e9ly meg\u0151rz\u00e9s\u00e9\u00e9rt. Term\u00e9keinket szab\u00e1lyozott k\u00f6r\u00fclm\u00e9nyek k\u00f6z\u00f6tt, rendszeres ellen\u0151rz\u00e9s mellett \u00e1ll\u00edtjuk el\u0151, annak \u00e9rdek\u00e9ben, hogy eleget tegy\u00fcnk a mindenkori term\u00e9kk\u00f6vetelm\u00e9nyeknek, hat\u00e1lyos jogszab\u00e1lyoknak, rendeleteknek, vev\u0151i el\u0151\u00edr\u00e1soknak,&hellip;<\/p>","protected":false},"author":2,"featured_media":0,"parent":0,"menu_order":0,"comment_status":"closed","ping_status":"closed","template":"","meta":[],"_links":{"self":[{"href":"https:\/\/www.sugofood.com\/en\/wp-json\/wp\/v2\/pages\/3500"}],"collection":[{"href":"https:\/\/www.sugofood.com\/en\/wp-json\/wp\/v2\/pages"}],"about":[{"href":"https:\/\/www.sugofood.com\/en\/wp-json\/wp\/v2\/types\/page"}],"author":[{"embeddable":true,"href":"https:\/\/www.sugofood.com\/en\/wp-json\/wp\/v2\/users\/2"}],"replies":[{"embeddable":true,"href":"https:\/\/www.sugofood.com\/en\/wp-json\/wp\/v2\/comments?post=3500"}],"version-history":[{"count":5,"href":"https:\/\/www.sugofood.com\/en\/wp-json\/wp\/v2\/pages\/3500\/revisions"}],"predecessor-version":[{"id":3541,"href":"https:\/\/www.sugofood.com\/en\/wp-json\/wp\/v2\/pages\/3500\/revisions\/3541"}],"wp:attachment":[{"href":"https:\/\/www.sugofood.com\/en\/wp-json\/wp\/v2\/media?parent=3500"}],"curies":[{"name":"wp","href":"https:\/\/api.w.org\/{rel}","templated":true}]}}