{"id":3491,"date":"2021-06-24T00:42:38","date_gmt":"2021-06-23T22:42:38","guid":{"rendered":"https:\/\/www.sugofood.com\/?page_id=3491"},"modified":"2021-06-24T08:04:07","modified_gmt":"2021-06-24T06:04:07","slug":"logisztika","status":"publish","type":"page","link":"https:\/\/www.sugofood.com\/en\/logisztika\/","title":{"rendered":"Logisztika"},"content":{"rendered":"<div class=\"vc_row wpb_row vc_row-fluid vc_custom_1624484925238 vc_row-o-equal-height vc_row-flex\"><div class=\"wpb_column vc_column_container vc_col-sm-12\"><div class=\"vc_column-inner\"><div class=\"wpb_wrapper\">\n\t<div class=\"wpb_text_column wpb_content_element\" >\n\t\t<div class=\"wpb_wrapper\">\n\t\t\t<p>F\u00e9lk\u00e9sz \u00e9s k\u00e9szterm\u00e9keinket, 20.000 EUR-raklap rakt\u00e1roz\u00e1s\u00e1ra alkalmas saj\u00e1t h\u0171t\u0151h\u00e1zban t\u00e1roljuk.<\/p>\n<p><strong>Anyagmozgat\u00e1si tev\u00e9kenys\u00e9g\u00fcnkre piacvezet\u0151 emel\u0151g\u00e9peket haszn\u00e1lunk.<\/strong><\/p>\n<p>Vev\u0151ink kiszolg\u00e1l\u00e1s\u00e1t h\u00e9tf\u0151t\u0151l p\u00e9ntekig, r<strong>eggel 6-t\u00f3l 21 \u00f3r\u00e1ig v\u00e9gezz\u00fck.<\/strong><\/p>\n<p>Saj\u00e1t szervez\u00e9s\u0171 kisz\u00e1ll\u00edt\u00e1sainkat megb\u00edzhat\u00f3 fuvaroz\u00f3 v\u00e1llalkoz\u00f3k ig\u00e9nybev\u00e9tel\u00e9vel teljes\u00edtj\u00fck.<\/p>\n\n\t\t<\/div>\n\t<\/div>\n<div class=\"vc_row wpb_row vc_inner vc_row-fluid\"><div class=\"wpb_column vc_column_container vc_col-sm-4\"><div class=\"vc_column-inner\"><div class=\"wpb_wrapper\">\n\t<div  class=\"wpb_single_image wpb_content_element vc_align_center\">\n\t\t\n\t\t<figure class=\"wpb_wrapper vc_figure\">\n\t\t\t<a href=\"https:\/\/www.sugofood.com\/wp-content\/uploads\/2020\/07\/team2_sugofood-1.jpg\" target=\"_self\"  class=\"vc_single_image-wrapper   vc_box_border_grey dt-pswp-item rollover rollover-zoom\" data-large_image_width=\"1000\" data-large_image_height = \"667\"     ><img class=\"vc_single_image-img\" src=\"https:\/\/www.sugofood.com\/wp-content\/uploads\/2020\/07\/team2_sugofood-1-300x300.jpg\" width=\"300\" height=\"300\" alt=\"team2_sugofood\" title=\"team2_sugofood\"  data-dt-location=\"https:\/\/www.sugofood.com\/en\/team2_sugofood-2\/\" \/><\/a>\n\t\t<\/figure>\n\t<\/div>\n<\/div><\/div><\/div><div class=\"wpb_column vc_column_container vc_col-sm-4\"><div class=\"vc_column-inner\"><div class=\"wpb_wrapper\">\n\t<div  class=\"wpb_single_image wpb_content_element vc_align_center\">\n\t\t\n\t\t<figure class=\"wpb_wrapper vc_figure\">\n\t\t\t<a href=\"https:\/\/www.sugofood.com\/wp-content\/uploads\/2020\/07\/uzem_sugofood.jpg\" target=\"_self\"  class=\"vc_single_image-wrapper   vc_box_border_grey dt-pswp-item rollover rollover-zoom\" data-large_image_width=\"1000\" data-large_image_height = \"750\"     ><img class=\"vc_single_image-img\" src=\"https:\/\/www.sugofood.com\/wp-content\/uploads\/2020\/07\/uzem_sugofood-300x300.jpg\" width=\"300\" height=\"300\" alt=\"Sugofood factory Baja\" title=\"sugofood_factory\"  data-dt-location=\"https:\/\/www.sugofood.com\/en\/dcim100mediadji_0022-jpg\/\" \/><\/a>\n\t\t<\/figure>\n\t<\/div>\n<\/div><\/div><\/div><div class=\"wpb_column vc_column_container vc_col-sm-4\"><div class=\"vc_column-inner\"><div class=\"wpb_wrapper\">\n\t<div  class=\"wpb_single_image wpb_content_element vc_align_center\">\n\t\t\n\t\t<figure class=\"wpb_wrapper vc_figure\">\n\t\t\t<a href=\"https:\/\/www.sugofood.com\/wp-content\/uploads\/2021\/06\/pexels-pixabay-209251-1024x684.jpg\" target=\"_self\"  class=\"vc_single_image-wrapper   vc_box_border_grey dt-pswp-item rollover rollover-zoom\" data-large_image_width=\"1024\" data-large_image_height = \"684\"     ><img class=\"vc_single_image-img\" src=\"https:\/\/www.sugofood.com\/wp-content\/uploads\/2021\/06\/pexels-pixabay-209251-300x300.jpg\" width=\"300\" height=\"300\" alt=\"pexels-pixabay-209251\" title=\"pexels-pixabay-209251\"  data-dt-location=\"https:\/\/www.sugofood.com\/en\/logisztika\/pexels-pixabay-209251\/\" \/><\/a>\n\t\t<\/figure>\n\t<\/div>\n<\/div><\/div><\/div><\/div><\/div><\/div><\/div><\/div>","protected":false},"excerpt":{"rendered":"<p>F\u00e9lk\u00e9sz \u00e9s k\u00e9szterm\u00e9keinket, 20.000 EUR-raklap rakt\u00e1roz\u00e1s\u00e1ra alkalmas saj\u00e1t h\u0171t\u0151h\u00e1zban t\u00e1roljuk. Anyagmozgat\u00e1si tev\u00e9kenys\u00e9g\u00fcnkre piacvezet\u0151 emel\u0151g\u00e9peket haszn\u00e1lunk. Vev\u0151ink kiszolg\u00e1l\u00e1s\u00e1t h\u00e9tf\u0151t\u0151l p\u00e9ntekig, reggel 6-t\u00f3l 21 \u00f3r\u00e1ig v\u00e9gezz\u00fck. Saj\u00e1t szervez\u00e9s\u0171 kisz\u00e1ll\u00edt\u00e1sainkat megb\u00edzhat\u00f3 fuvaroz\u00f3 v\u00e1llalkoz\u00f3k ig\u00e9nybev\u00e9tel\u00e9vel teljes\u00edtj\u00fck.<\/p>","protected":false},"author":2,"featured_media":0,"parent":0,"menu_order":0,"comment_status":"closed","ping_status":"closed","template":"","meta":[],"_links":{"self":[{"href":"https:\/\/www.sugofood.com\/en\/wp-json\/wp\/v2\/pages\/3491"}],"collection":[{"href":"https:\/\/www.sugofood.com\/en\/wp-json\/wp\/v2\/pages"}],"about":[{"href":"https:\/\/www.sugofood.com\/en\/wp-json\/wp\/v2\/types\/page"}],"author":[{"embeddable":true,"href":"https:\/\/www.sugofood.com\/en\/wp-json\/wp\/v2\/users\/2"}],"replies":[{"embeddable":true,"href":"https:\/\/www.sugofood.com\/en\/wp-json\/wp\/v2\/comments?post=3491"}],"version-history":[{"count":1,"href":"https:\/\/www.sugofood.com\/en\/wp-json\/wp\/v2\/pages\/3491\/revisions"}],"predecessor-version":[{"id":3494,"href":"https:\/\/www.sugofood.com\/en\/wp-json\/wp\/v2\/pages\/3491\/revisions\/3494"}],"wp:attachment":[{"href":"https:\/\/www.sugofood.com\/en\/wp-json\/wp\/v2\/media?parent=3491"}],"curies":[{"name":"wp","href":"https:\/\/api.w.org\/{rel}","templated":true}]}}