{"id":3470,"date":"2021-06-24T00:24:42","date_gmt":"2021-06-23T22:24:42","guid":{"rendered":"https:\/\/www.sugofood.com\/?page_id=3470"},"modified":"2021-12-05T17:51:22","modified_gmt":"2021-12-05T16:51:22","slug":"minosegpolitika","status":"publish","type":"page","link":"https:\/\/www.sugofood.com\/en\/minosegpolitika\/","title":{"rendered":"Quality policy"},"content":{"rendered":"<div class=\"vc_row wpb_row vc_row-fluid vc_custom_1624484925238 vc_row-o-equal-height vc_row-flex\"><div class=\"wpb_column vc_column_container vc_col-sm-12\"><div class=\"vc_column-inner\"><div class=\"wpb_wrapper\">\n\t<div class=\"wpb_text_column wpb_content_element\" >\n\t\t<div class=\"wpb_wrapper\">\n\t\t\t<p style=\"font-weight: 400;\">A SUGO FOOD KFT aims to continuously ensure and develop the quality and safety of our products as well as the satisfaction of our customers in order to enhance our competitiveness.<\/p>\n<p style=\"font-weight: 400;\">We produce our products under regular monitoring and regulated conditions in order to meet the current product specifications, legislations, regulations, customer requirements and food safety standards.<\/p>\n<p style=\"font-weight: 400;\">The consistent level of quality and safety of our products are guaranteed by our efficient and comprehensive quality management system.<\/p>\n<p style=\"font-weight: 400;\">Our certifications:<\/p>\n<ul style=\"font-weight: 400;\">\n<li>Az ISO 14001<\/li>\n<li>BRC<\/li>\n<li>IFS<\/li>\n<li>Global Gap<\/li>\n<li>BIO<\/li>\n<\/ul>\n<p style=\"font-weight: 400;\">We seek to fully focus on and respect the health, interests and wishes of the customers, for this, we maintain a close relationship with our Customers in order to be continuously informed about their needs and expectations, earn and keep their trust, thereby achieving their satisfaction.<strong>.<\/strong><\/p>\n\n\t\t<\/div>\n\t<\/div>\n<\/div><\/div><\/div><\/div><div class=\"vc_row wpb_row vc_row-fluid\"><div class=\"wpb_column vc_column_container vc_col-sm-12\"><div class=\"vc_column-inner\"><div class=\"wpb_wrapper\">\n\t<div class=\"wpb_text_column wpb_content_element\" >\n\t\t<div class=\"wpb_wrapper\">\n\t\t\t<h3 style=\"text-align: center;\"><strong>OUR CERTIFICATES<\/strong><\/h3>\n\n\t\t<\/div>\n\t<\/div>\n<\/div><\/div><\/div><\/div><div class=\"vc_row wpb_row vc_row-fluid\"><div class=\"wpb_column vc_column_container vc_col-sm-6\"><div class=\"vc_column-inner\"><div class=\"wpb_wrapper\">\n\t<div  class=\"wpb_single_image wpb_content_element vc_align_left\">\n\t\t\n\t\t<figure class=\"wpb_wrapper vc_figure\">\n\t\t\t<div class=\"vc_single_image-wrapper   vc_box_border_grey\"><img width=\"656\" height=\"911\" src=\"https:\/\/www.sugofood.com\/wp-content\/uploads\/2021\/10\/certificate_3.jpg\" class=\"vc_single_image-img attachment-large\" alt=\"\" loading=\"lazy\" title=\"certificate_3\" srcset=\"https:\/\/www.sugofood.com\/wp-content\/uploads\/2021\/10\/certificate_3.jpg 656w, https:\/\/www.sugofood.com\/wp-content\/uploads\/2021\/10\/certificate_3-216x300.jpg 216w\" sizes=\"(max-width: 656px) 100vw, 656px\"  data-dt-location=\"https:\/\/www.sugofood.com\/en\/minosegpolitika\/certificate_3\/\" \/><\/div>\n\t\t<\/figure>\n\t<\/div>\n<\/div><\/div><\/div><div class=\"wpb_column vc_column_container vc_col-sm-6\"><div class=\"vc_column-inner\"><div class=\"wpb_wrapper\">\n\t<div  class=\"wpb_single_image wpb_content_element vc_align_left\">\n\t\t\n\t\t<figure class=\"wpb_wrapper vc_figure\">\n\t\t\t<div class=\"vc_single_image-wrapper   vc_box_border_grey\"><img width=\"642\" height=\"910\" src=\"https:\/\/www.sugofood.com\/wp-content\/uploads\/2021\/10\/certificate_2021.jpg\" class=\"vc_single_image-img attachment-large\" alt=\"\" loading=\"lazy\" title=\"certificate_2021\" srcset=\"https:\/\/www.sugofood.com\/wp-content\/uploads\/2021\/10\/certificate_2021.jpg 642w, https:\/\/www.sugofood.com\/wp-content\/uploads\/2021\/10\/certificate_2021-212x300.jpg 212w\" sizes=\"(max-width: 642px) 100vw, 642px\"  data-dt-location=\"https:\/\/www.sugofood.com\/en\/minosegpolitika\/certificate_2021\/\" \/><\/div>\n\t\t<\/figure>\n\t<\/div>\n<\/div><\/div><\/div><\/div><div class=\"vc_row wpb_row vc_row-fluid\"><div class=\"wpb_column vc_column_container vc_col-sm-6\"><div class=\"vc_column-inner\"><div class=\"wpb_wrapper\">\n\t<div  class=\"wpb_single_image wpb_content_element vc_align_left\">\n\t\t\n\t\t<figure class=\"wpb_wrapper vc_figure\">\n\t\t\t<div class=\"vc_single_image-wrapper   vc_box_border_grey\"><img width=\"635\" height=\"888\" src=\"https:\/\/www.sugofood.com\/wp-content\/uploads\/2021\/12\/certi_1.jpg\" class=\"vc_single_image-img attachment-large\" alt=\"\" loading=\"lazy\" title=\"certi_1\" srcset=\"https:\/\/www.sugofood.com\/wp-content\/uploads\/2021\/12\/certi_1.jpg 635w, https:\/\/www.sugofood.com\/wp-content\/uploads\/2021\/12\/certi_1-215x300.jpg 215w\" sizes=\"(max-width: 635px) 100vw, 635px\"  data-dt-location=\"https:\/\/www.sugofood.com\/en\/minosegpolitika\/certi_1\/\" \/><\/div>\n\t\t<\/figure>\n\t<\/div>\n<\/div><\/div><\/div><div class=\"wpb_column vc_column_container vc_col-sm-6\"><div class=\"vc_column-inner\"><div class=\"wpb_wrapper\">\n\t<div  class=\"wpb_single_image wpb_content_element vc_align_left\">\n\t\t\n\t\t<figure class=\"wpb_wrapper vc_figure\">\n\t\t\t<div class=\"vc_single_image-wrapper   vc_box_border_grey\"><img width=\"627\" height=\"888\" src=\"https:\/\/www.sugofood.com\/wp-content\/uploads\/2021\/12\/certi_2.jpg\" class=\"vc_single_image-img attachment-large\" alt=\"\" loading=\"lazy\" title=\"certi_2\" srcset=\"https:\/\/www.sugofood.com\/wp-content\/uploads\/2021\/12\/certi_2.jpg 627w, https:\/\/www.sugofood.com\/wp-content\/uploads\/2021\/12\/certi_2-212x300.jpg 212w\" sizes=\"(max-width: 627px) 100vw, 627px\"  data-dt-location=\"https:\/\/www.sugofood.com\/en\/minosegpolitika\/certi_2\/\" \/><\/div>\n\t\t<\/figure>\n\t<\/div>\n<\/div><\/div><\/div><\/div><div class=\"vc_row wpb_row vc_row-fluid\"><div class=\"wpb_column vc_column_container vc_col-sm-6\"><div class=\"vc_column-inner\"><div class=\"wpb_wrapper\">\n\t<div  class=\"wpb_single_image wpb_content_element vc_align_left\">\n\t\t\n\t\t<figure class=\"wpb_wrapper vc_figure\">\n\t\t\t<div class=\"vc_single_image-wrapper   vc_box_border_grey\"><img width=\"635\" height=\"893\" src=\"https:\/\/www.sugofood.com\/wp-content\/uploads\/2021\/12\/certi_3.jpg\" class=\"vc_single_image-img attachment-large\" alt=\"\" loading=\"lazy\" title=\"certi_3\" srcset=\"https:\/\/www.sugofood.com\/wp-content\/uploads\/2021\/12\/certi_3.jpg 635w, https:\/\/www.sugofood.com\/wp-content\/uploads\/2021\/12\/certi_3-213x300.jpg 213w\" sizes=\"(max-width: 635px) 100vw, 635px\"  data-dt-location=\"https:\/\/www.sugofood.com\/en\/minosegpolitika\/certi_3\/\" \/><\/div>\n\t\t<\/figure>\n\t<\/div>\n<\/div><\/div><\/div><div class=\"wpb_column vc_column_container vc_col-sm-6\"><div class=\"vc_column-inner\"><div class=\"wpb_wrapper\"><\/div><\/div><\/div><\/div>","protected":false},"excerpt":{"rendered":"<p>A SUGO FOOD KFT c\u00e9lja versenyk\u00e9pess\u00e9g\u00fcnk fokoz\u00e1sa \u00e9rdek\u00e9ben\u00a0term\u00e9keink min\u0151s\u00e9g\u00e9nek, biztons\u00e1g\u00e1nak, vev\u0151ink el\u00e9gedetts\u00e9g\u00e9nek folyamatos biztos\u00edt\u00e1sa \u00e9s fejleszt\u00e9se. Term\u00e9keinket szab\u00e1lyozott k\u00f6r\u00fclm\u00e9nyek k\u00f6z\u00f6tt,\u00a0rendszeres ellen\u0151rz\u00e9s mellett \u00e1ll\u00edtjuk el\u0151, annak \u00e9rdek\u00e9ben, hogy eleget tegy\u00fcnk a mindenkori term\u00e9kk\u00f6vetelm\u00e9nyeknek, hat\u00e1lyos jogszab\u00e1lyoknak, rendeleteknek, vev\u0151i el\u0151\u00edr\u00e1soknak,\u00a0valamint \u00e9lelmiszerbiztons\u00e1gi szabv\u00e1nyoknak. Term\u00e9keink \u00e1lland\u00f3 min\u0151s\u00e9g\u00e9t \u00e9s biztons\u00e1g\u00e1t szavatolja az eg\u00e9sz folyamatra kiterjed\u0151, hat\u00e9kony min\u0151s\u00e9gir\u00e1ny\u00edt\u00e1si rendszer\u00fcnk. Tan\u00fas\u00edtv\u00e1nyaink: Az ISO&hellip;<\/p>","protected":false},"author":2,"featured_media":0,"parent":0,"menu_order":0,"comment_status":"closed","ping_status":"closed","template":"","meta":[],"_links":{"self":[{"href":"https:\/\/www.sugofood.com\/en\/wp-json\/wp\/v2\/pages\/3470"}],"collection":[{"href":"https:\/\/www.sugofood.com\/en\/wp-json\/wp\/v2\/pages"}],"about":[{"href":"https:\/\/www.sugofood.com\/en\/wp-json\/wp\/v2\/types\/page"}],"author":[{"embeddable":true,"href":"https:\/\/www.sugofood.com\/en\/wp-json\/wp\/v2\/users\/2"}],"replies":[{"embeddable":true,"href":"https:\/\/www.sugofood.com\/en\/wp-json\/wp\/v2\/comments?post=3470"}],"version-history":[{"count":8,"href":"https:\/\/www.sugofood.com\/en\/wp-json\/wp\/v2\/pages\/3470\/revisions"}],"predecessor-version":[{"id":3570,"href":"https:\/\/www.sugofood.com\/en\/wp-json\/wp\/v2\/pages\/3470\/revisions\/3570"}],"wp:attachment":[{"href":"https:\/\/www.sugofood.com\/en\/wp-json\/wp\/v2\/media?parent=3470"}],"curies":[{"name":"wp","href":"https:\/\/api.w.org\/{rel}","templated":true}]}}