{"id":3468,"date":"2021-06-24T00:16:36","date_gmt":"2021-06-23T22:16:36","guid":{"rendered":"https:\/\/www.sugofood.com\/?page_id=3468"},"modified":"2021-10-20T17:47:26","modified_gmt":"2021-10-20T15:47:26","slug":"gyartas","status":"publish","type":"page","link":"https:\/\/www.sugofood.com\/en\/gyartas\/","title":{"rendered":"Manufacturing"},"content":{"rendered":"<div class=\"vc_row wpb_row vc_row-fluid vc_custom_1624484925238 vc_row-o-equal-height vc_row-flex\"><div class=\"wpb_column vc_column_container vc_col-sm-12\"><div class=\"vc_column-inner\"><div class=\"wpb_wrapper\">\n\t<div class=\"wpb_text_column wpb_content_element\" >\n\t\t<div class=\"wpb_wrapper\">\n\t\t\t<p><strong>1) Processing:<\/strong><\/p>\n<p>We clean, cut, slice, blanch, and freeze the vegetables coming in from agricultural lands.<\/p>\n<h3>PROCESSED VEGETABLES: WE ALSO OFFER PROCESSING UNDER CONTRACT OF GREEN PEAS, SWEET CORN, GREEN BEANS, AND ROOT VEGETABLES.<\/h3>\n<p><strong>2) Packaging<\/strong><\/p>\n<p>a) Producing mixes: mixing deep-frozen vegetables in specified quantities<\/p>\n<p>b) Presentation in bags: packaging mono and mixed products with flat film bagging machines. Volumes: 200g-2500g<\/p>\n<p>c) Industrial volume: packaging large volumes of mono and mixed products. Volumes: 10kg\/carton, 20kg\/sack, 600-980kg\/octabin.<\/p>\n\n\t\t<\/div>\n\t<\/div>\n<div class=\"vc_row wpb_row vc_inner vc_row-fluid\"><div class=\"wpb_column vc_column_container vc_col-sm-4\"><div class=\"vc_column-inner\"><div class=\"wpb_wrapper\">\n\t<div  class=\"wpb_single_image wpb_content_element vc_align_center\">\n\t\t\n\t\t<figure class=\"wpb_wrapper vc_figure\">\n\t\t\t<a href=\"https:\/\/www.sugofood.com\/wp-content\/uploads\/2020\/07\/borso_gyartas2_sugofood-1.jpg\" target=\"_self\"  class=\"vc_single_image-wrapper   vc_box_border_grey dt-pswp-item rollover rollover-zoom\" data-large_image_width=\"1000\" data-large_image_height = \"563\"     ><img class=\"vc_single_image-img\" src=\"https:\/\/www.sugofood.com\/wp-content\/uploads\/2020\/07\/borso_gyartas2_sugofood-1-300x300.jpg\" width=\"300\" height=\"300\" alt=\"borso_gyartas2_sugofood\" title=\"borso_gyartas2_sugofood\"  data-dt-location=\"https:\/\/www.sugofood.com\/en\/borso_gyartas2_sugofood-2\/\" \/><\/a>\n\t\t<\/figure>\n\t<\/div>\n<\/div><\/div><\/div><div class=\"wpb_column vc_column_container vc_col-sm-4\"><div class=\"vc_column-inner\"><div class=\"wpb_wrapper\">\n\t<div  class=\"wpb_single_image wpb_content_element vc_align_center\">\n\t\t\n\t\t<figure class=\"wpb_wrapper vc_figure\">\n\t\t\t<a href=\"https:\/\/www.sugofood.com\/wp-content\/uploads\/2020\/07\/minosegellenorzes_sugofood.jpg\" target=\"_self\"  class=\"vc_single_image-wrapper   vc_box_border_grey dt-pswp-item rollover rollover-zoom\" data-large_image_width=\"1000\" data-large_image_height = \"563\"     ><img class=\"vc_single_image-img\" src=\"https:\/\/www.sugofood.com\/wp-content\/uploads\/2020\/07\/minosegellenorzes_sugofood-300x300.jpg\" width=\"300\" height=\"300\" alt=\"minosegellenorzes_sugofood\" title=\"minosegellenorzes_sugofood\"  data-dt-location=\"https:\/\/www.sugofood.com\/en\/minosegellenorzes_sugofood\/\" \/><\/a>\n\t\t<\/figure>\n\t<\/div>\n<\/div><\/div><\/div><div class=\"wpb_column vc_column_container vc_col-sm-4\"><div class=\"vc_column-inner\"><div class=\"wpb_wrapper\">\n\t<div  class=\"wpb_single_image wpb_content_element vc_align_center\">\n\t\t\n\t\t<figure class=\"wpb_wrapper vc_figure\">\n\t\t\t<a href=\"https:\/\/www.sugofood.com\/wp-content\/uploads\/2021\/09\/1.jpg\" target=\"_self\"  class=\"vc_single_image-wrapper   vc_box_border_grey dt-pswp-item rollover rollover-zoom\" data-large_image_width=\"852\" data-large_image_height = \"480\"     ><img class=\"vc_single_image-img\" src=\"https:\/\/www.sugofood.com\/wp-content\/uploads\/2021\/09\/1-300x300.jpg\" width=\"300\" height=\"300\" alt=\"1\" title=\"1\"  data-dt-location=\"https:\/\/www.sugofood.com\/en\/gyartas\/attachment\/1\/\" \/><\/a>\n\t\t<\/figure>\n\t<\/div>\n<\/div><\/div><\/div><\/div><div class=\"vc_row wpb_row vc_inner vc_row-fluid\"><div class=\"wpb_column vc_column_container vc_col-sm-4\"><div class=\"vc_column-inner\"><div class=\"wpb_wrapper\"><\/div><\/div><\/div><div class=\"wpb_column vc_column_container vc_col-sm-4\"><div class=\"vc_column-inner\"><div class=\"wpb_wrapper\"><\/div><\/div><\/div><div class=\"wpb_column vc_column_container vc_col-sm-4\"><div class=\"vc_column-inner\"><div class=\"wpb_wrapper\"><\/div><\/div><\/div><\/div><\/div><\/div><\/div><\/div>","protected":false},"excerpt":{"rendered":"<p>1.) Feldolgoz\u00e1s: Term\u0151f\u00f6ldr\u0151l be\u00e9rkez\u0151 z\u00f6lds\u00e9geket tiszt\u00edtjuk, daraboljuk, szeletelj\u00fck, blans\u00edrozzuk, gurul\u00f3sra fagyasztjuk. Feldolgozott z\u00f6lds\u00e9gek: z\u00f6ldbors\u00f3, csemege kukorica, z\u00f6ldbabok, gy\u00f6k\u00e9rf\u00e9les\u00e9gek b\u00e9rfeldolgoz\u00e1st is v\u00e1llalunk. 2.) Csomagol\u00e1s a.) Kever\u00e9k k\u00e9sz\u00edt\u00e9s: a gyorsfagyasztott z\u00f6lds\u00e9gek meghat\u00e1rozott mennyis\u00e9g\u0171 \u00f6sszekever\u00e9se b.) Tasakos kiszerel\u00e9s: s\u00edkf\u00f3li\u00e1s tasakol\u00f3 g\u00e9peken t\u00f6rt\u00e9n\u0151 mono \u00e9s kever\u00e9k term\u00e9kek csomagol\u00e1sa. Kiszerel\u00e9s: 200g-2500g c.) Ipari kiszerel\u00e9s: nagy kiszerel\u00e9s\u0171 mono \u00e9s kever\u00e9k term\u00e9kek&hellip;<\/p>","protected":false},"author":2,"featured_media":0,"parent":0,"menu_order":0,"comment_status":"closed","ping_status":"closed","template":"","meta":[],"_links":{"self":[{"href":"https:\/\/www.sugofood.com\/en\/wp-json\/wp\/v2\/pages\/3468"}],"collection":[{"href":"https:\/\/www.sugofood.com\/en\/wp-json\/wp\/v2\/pages"}],"about":[{"href":"https:\/\/www.sugofood.com\/en\/wp-json\/wp\/v2\/types\/page"}],"author":[{"embeddable":true,"href":"https:\/\/www.sugofood.com\/en\/wp-json\/wp\/v2\/users\/2"}],"replies":[{"embeddable":true,"href":"https:\/\/www.sugofood.com\/en\/wp-json\/wp\/v2\/comments?post=3468"}],"version-history":[{"count":4,"href":"https:\/\/www.sugofood.com\/en\/wp-json\/wp\/v2\/pages\/3468\/revisions"}],"predecessor-version":[{"id":3564,"href":"https:\/\/www.sugofood.com\/en\/wp-json\/wp\/v2\/pages\/3468\/revisions\/3564"}],"wp:attachment":[{"href":"https:\/\/www.sugofood.com\/en\/wp-json\/wp\/v2\/media?parent=3468"}],"curies":[{"name":"wp","href":"https:\/\/api.w.org\/{rel}","templated":true}]}}