{"id":3464,"date":"2021-06-24T00:11:20","date_gmt":"2021-06-23T22:11:20","guid":{"rendered":"https:\/\/www.sugofood.com\/?page_id=3464"},"modified":"2021-10-20T17:46:26","modified_gmt":"2021-10-20T15:46:26","slug":"termeltetes-agro","status":"publish","type":"page","link":"https:\/\/www.sugofood.com\/en\/termeltetes-agro\/","title":{"rendered":"Production (AGRO)"},"content":{"rendered":"<div class=\"vc_row wpb_row vc_row-fluid vc_custom_1624484925238 vc_row-o-equal-height vc_row-flex\"><div class=\"wpb_column vc_column_container vc_col-sm-12\"><div class=\"vc_column-inner\"><div class=\"wpb_wrapper\">\n\t<div class=\"wpb_text_column wpb_content_element\" >\n\t\t<div class=\"wpb_wrapper\">\n\t\t\t<p style=\"font-weight: 400;\">Our agronomic team is responsible for providing the raw materials for producing the volumes covered in the commercial contracts.<\/p>\n<p style=\"font-weight: 400;\">By establishing a long-term relationship with our producers, we can ensure quality according to current standards and traceability.<\/p>\n<p style=\"font-weight: 400;\">During the cooperation, we monitor the entire cultivation process up to the production of the frozen semi-finished product.<\/p>\n\n\t\t<\/div>\n\t<\/div>\n<div class=\"vc_row wpb_row vc_inner vc_row-fluid\"><div class=\"wpb_column vc_column_container vc_col-sm-4\"><div class=\"vc_column-inner\"><div class=\"wpb_wrapper\">\n\t<div  class=\"wpb_single_image wpb_content_element vc_align_center\">\n\t\t\n\t\t<figure class=\"wpb_wrapper vc_figure\">\n\t\t\t<a href=\"https:\/\/www.sugofood.com\/wp-content\/uploads\/2020\/07\/betakaritas4_sugofood-1.jpg\" target=\"_self\"  class=\"vc_single_image-wrapper   vc_box_border_grey dt-pswp-item rollover rollover-zoom\" data-large_image_width=\"1000\" data-large_image_height = \"563\"     ><img class=\"vc_single_image-img\" src=\"https:\/\/www.sugofood.com\/wp-content\/uploads\/2020\/07\/betakaritas4_sugofood-1-300x300.jpg\" width=\"300\" height=\"300\" alt=\"Bors\u00f3 betakar\u00edt\u00e1s_Sugofood\" title=\"betakaritas4_sugofood\"  data-dt-location=\"https:\/\/www.sugofood.com\/en\/betakaritas4_sugofood-2\/\" \/><\/a>\n\t\t<\/figure>\n\t<\/div>\n<\/div><\/div><\/div><div class=\"wpb_column vc_column_container vc_col-sm-4\"><div class=\"vc_column-inner\"><div class=\"wpb_wrapper\">\n\t<div  class=\"wpb_single_image wpb_content_element vc_align_center\">\n\t\t\n\t\t<figure class=\"wpb_wrapper vc_figure\">\n\t\t\t<a href=\"https:\/\/www.sugofood.com\/wp-content\/uploads\/2020\/07\/betakaritas2_sugofood-1.jpg\" target=\"_self\"  class=\"vc_single_image-wrapper   vc_box_border_grey dt-pswp-item rollover rollover-zoom\" data-large_image_width=\"1000\" data-large_image_height = \"563\"     ><img class=\"vc_single_image-img\" src=\"https:\/\/www.sugofood.com\/wp-content\/uploads\/2020\/07\/betakaritas2_sugofood-1-300x300.jpg\" width=\"300\" height=\"300\" alt=\"betakaritas2_sugofood\" title=\"betakaritas2_sugofood\"  data-dt-location=\"https:\/\/www.sugofood.com\/en\/betakaritas2_sugofood-2\/\" \/><\/a>\n\t\t<\/figure>\n\t<\/div>\n<\/div><\/div><\/div><div class=\"wpb_column vc_column_container vc_col-sm-4\"><div class=\"vc_column-inner\"><div class=\"wpb_wrapper\">\n\t<div  class=\"wpb_single_image wpb_content_element vc_align_center\">\n\t\t\n\t\t<figure class=\"wpb_wrapper vc_figure\">\n\t\t\t<a href=\"https:\/\/www.sugofood.com\/wp-content\/uploads\/2020\/07\/termeles4_sugofood.jpg\" target=\"_self\"  class=\"vc_single_image-wrapper   vc_box_border_grey dt-pswp-item rollover rollover-zoom\" data-large_image_width=\"1000\" data-large_image_height = \"563\"     ><img class=\"vc_single_image-img\" src=\"https:\/\/www.sugofood.com\/wp-content\/uploads\/2020\/07\/termeles4_sugofood-300x300.jpg\" width=\"300\" height=\"300\" alt=\"termeles4_sugofood\" title=\"termeles4_sugofood\"  data-dt-location=\"https:\/\/www.sugofood.com\/en\/termeles4_sugofood\/\" \/><\/a>\n\t\t<\/figure>\n\t<\/div>\n<\/div><\/div><\/div><\/div><\/div><\/div><\/div><\/div>","protected":false},"excerpt":{"rendered":"<p>Agron\u00f3miai csapatunk feladata az alapanyagok biztos\u00edt\u00e1sa a kereskedelmi szerz\u0151d\u00e9sekben lek\u00f6t\u00f6tt volumenek gy\u00e1rt\u00e1s\u00e1hoz. Termel\u0151inkkel hossz\u00fat\u00e1v\u00fa kapcsolatot ki\u00e9p\u00edtve tudjuk biztos\u00edtani a mindenkori elv\u00e1r\u00e1soknak megfelel\u0151 min\u0151s\u00e9get \u00e9s nyomonk\u00f6vethet\u0151s\u00e9get. A k\u00f6z\u00f6s egy\u00fcttm\u0171k\u00f6d\u00e9s sor\u00e1n a teljes termeltet\u00e9si folyamatot nyomon k\u00f6vetj\u00fck eg\u00e9szen a fagyasztott f\u00e9lk\u00e9sz \u00e1ru elk\u00e9sz\u00fclt\u00e9ig<\/p>","protected":false},"author":2,"featured_media":0,"parent":0,"menu_order":0,"comment_status":"closed","ping_status":"closed","template":"","meta":[],"_links":{"self":[{"href":"https:\/\/www.sugofood.com\/en\/wp-json\/wp\/v2\/pages\/3464"}],"collection":[{"href":"https:\/\/www.sugofood.com\/en\/wp-json\/wp\/v2\/pages"}],"about":[{"href":"https:\/\/www.sugofood.com\/en\/wp-json\/wp\/v2\/types\/page"}],"author":[{"embeddable":true,"href":"https:\/\/www.sugofood.com\/en\/wp-json\/wp\/v2\/users\/2"}],"replies":[{"embeddable":true,"href":"https:\/\/www.sugofood.com\/en\/wp-json\/wp\/v2\/comments?post=3464"}],"version-history":[{"count":5,"href":"https:\/\/www.sugofood.com\/en\/wp-json\/wp\/v2\/pages\/3464\/revisions"}],"predecessor-version":[{"id":3563,"href":"https:\/\/www.sugofood.com\/en\/wp-json\/wp\/v2\/pages\/3464\/revisions\/3563"}],"wp:attachment":[{"href":"https:\/\/www.sugofood.com\/en\/wp-json\/wp\/v2\/media?parent=3464"}],"curies":[{"name":"wp","href":"https:\/\/api.w.org\/{rel}","templated":true}]}}