{"id":3452,"date":"2021-06-23T23:51:59","date_gmt":"2021-06-23T21:51:59","guid":{"rendered":"https:\/\/www.sugofood.com\/?page_id=3452"},"modified":"2022-01-07T18:19:31","modified_gmt":"2022-01-07T17:19:31","slug":"zoldsegek","status":"publish","type":"page","link":"https:\/\/www.sugofood.com\/en\/zoldsegek\/","title":{"rendered":"Vegetables"},"content":{"rendered":"<div class=\"vc_row wpb_row vc_row-fluid vc_custom_1624484925238 vc_row-o-equal-height vc_row-flex\"><div class=\"wpb_column vc_column_container vc_col-sm-12\"><div class=\"vc_column-inner\"><div class=\"wpb_wrapper\">\n\t<div class=\"wpb_text_column wpb_content_element\" >\n\t\t<div class=\"wpb_wrapper\">\n\t\t\t<h2 style=\"text-align: center;\">VEGETABLES \u2013 PRIORITY PRODUCTS<\/h2>\n<p style=\"text-align: center;\">Our production primarily concentrates on the processing of Hungarian native vegetables, with a particular focus on:<\/p>\n\n\t\t<\/div>\n\t<\/div>\n<div class=\"vc_row wpb_row vc_inner vc_row-fluid\"><div class=\"wpb_column vc_column_container vc_col-sm-4\"><div class=\"vc_column-inner\"><div class=\"wpb_wrapper\">\n\t<div  class=\"wpb_single_image wpb_content_element vc_align_left\">\n\t\t\n\t\t<figure class=\"wpb_wrapper vc_figure\">\n\t\t\t<div class=\"vc_single_image-wrapper   vc_box_border_grey\"><img width=\"500\" height=\"300\" src=\"https:\/\/www.sugofood.com\/wp-content\/uploads\/2021\/09\/sweet-corn.png\" class=\"vc_single_image-img attachment-full\" alt=\"\" loading=\"lazy\" title=\"sweet-corn\" srcset=\"https:\/\/www.sugofood.com\/wp-content\/uploads\/2021\/09\/sweet-corn.png 500w, https:\/\/www.sugofood.com\/wp-content\/uploads\/2021\/09\/sweet-corn-300x180.png 300w\" sizes=\"(max-width: 500px) 100vw, 500px\"  data-dt-location=\"https:\/\/www.sugofood.com\/en\/zoldsegek\/sweet-corn\/\" \/><\/div>\n\t\t<\/figure>\n\t<\/div>\n\n\t<div class=\"wpb_text_column wpb_content_element\" >\n\t\t<div class=\"wpb_wrapper\">\n\t\t\t<p style=\"text-align: center;\"><strong>Crushed sweetcorn (normal and super sweet)<\/strong><\/p>\n\n\t\t<\/div>\n\t<\/div>\n<\/div><\/div><\/div><div class=\"wpb_column vc_column_container vc_col-sm-4\"><div class=\"vc_column-inner\"><div class=\"wpb_wrapper\">\n\t<div  class=\"wpb_single_image wpb_content_element vc_align_left\">\n\t\t\n\t\t<figure class=\"wpb_wrapper vc_figure\">\n\t\t\t<div class=\"vc_single_image-wrapper   vc_box_border_grey\"><img width=\"500\" height=\"300\" src=\"https:\/\/www.sugofood.com\/wp-content\/uploads\/2021\/09\/corn.png\" class=\"vc_single_image-img attachment-full\" alt=\"\" loading=\"lazy\" title=\"corn\" srcset=\"https:\/\/www.sugofood.com\/wp-content\/uploads\/2021\/09\/corn.png 500w, https:\/\/www.sugofood.com\/wp-content\/uploads\/2021\/09\/corn-300x180.png 300w\" sizes=\"(max-width: 500px) 100vw, 500px\"  data-dt-location=\"https:\/\/www.sugofood.com\/en\/zoldsegek\/corn\/\" \/><\/div>\n\t\t<\/figure>\n\t<\/div>\n\n\t<div class=\"wpb_text_column wpb_content_element\" >\n\t\t<div class=\"wpb_wrapper\">\n\t\t\t<p style=\"text-align: center;\"><strong>Corn on the cob (normal and super sweet)<\/strong><\/p>\n\n\t\t<\/div>\n\t<\/div>\n<\/div><\/div><\/div><div class=\"wpb_column vc_column_container vc_col-sm-4\"><div class=\"vc_column-inner\"><div class=\"wpb_wrapper\">\n\t<div  class=\"wpb_single_image wpb_content_element vc_align_left\">\n\t\t\n\t\t<figure class=\"wpb_wrapper vc_figure\">\n\t\t\t<div class=\"vc_single_image-wrapper   vc_box_border_grey\"><img width=\"500\" height=\"300\" src=\"https:\/\/www.sugofood.com\/wp-content\/uploads\/2021\/09\/peas.png\" class=\"vc_single_image-img attachment-full\" alt=\"\" loading=\"lazy\" title=\"peas\" srcset=\"https:\/\/www.sugofood.com\/wp-content\/uploads\/2021\/09\/peas.png 500w, https:\/\/www.sugofood.com\/wp-content\/uploads\/2021\/09\/peas-300x180.png 300w\" sizes=\"(max-width: 500px) 100vw, 500px\"  data-dt-location=\"https:\/\/www.sugofood.com\/en\/zoldsegek\/peas\/\" \/><\/div>\n\t\t<\/figure>\n\t<\/div>\n\n\t<div class=\"wpb_text_column wpb_content_element\" >\n\t\t<div class=\"wpb_wrapper\">\n\t\t\t<p style=\"text-align: center;\"><strong>Green peas<\/strong><\/p>\n\n\t\t<\/div>\n\t<\/div>\n<\/div><\/div><\/div><\/div><div class=\"vc_row wpb_row vc_inner vc_row-fluid\"><div class=\"wpb_column vc_column_container vc_col-sm-4\"><div class=\"vc_column-inner\"><div class=\"wpb_wrapper\"><\/div><\/div><\/div><div class=\"wpb_column vc_column_container vc_col-sm-4\"><div class=\"vc_column-inner\"><div class=\"wpb_wrapper\"><\/div><\/div><\/div><div class=\"wpb_column vc_column_container vc_col-sm-4\"><div class=\"vc_column-inner\"><div class=\"wpb_wrapper\"><\/div><\/div><\/div><\/div><div class=\"vc_row wpb_row vc_inner vc_row-fluid\"><div class=\"wpb_column vc_column_container vc_col-sm-4\"><div class=\"vc_column-inner\"><div class=\"wpb_wrapper\">\n\t<div  class=\"wpb_single_image wpb_content_element vc_align_left\">\n\t\t\n\t\t<figure class=\"wpb_wrapper vc_figure\">\n\t\t\t<div class=\"vc_single_image-wrapper   vc_box_border_grey\"><img width=\"500\" height=\"300\" src=\"https:\/\/www.sugofood.com\/wp-content\/uploads\/2021\/09\/yellow-beans.png\" class=\"vc_single_image-img attachment-full\" alt=\"\" loading=\"lazy\" title=\"yellow-beans\" srcset=\"https:\/\/www.sugofood.com\/wp-content\/uploads\/2021\/09\/yellow-beans.png 500w, https:\/\/www.sugofood.com\/wp-content\/uploads\/2021\/09\/yellow-beans-300x180.png 300w\" sizes=\"(max-width: 500px) 100vw, 500px\"  data-dt-location=\"https:\/\/www.sugofood.com\/en\/zoldsegek\/yellow-beans\/\" \/><\/div>\n\t\t<\/figure>\n\t<\/div>\n\n\t<div class=\"wpb_text_column wpb_content_element\" >\n\t\t<div class=\"wpb_wrapper\">\n\t\t\t<p style=\"text-align: center;\"><strong>Chopped green beans with yellow pods<\/strong><\/p>\n\n\t\t<\/div>\n\t<\/div>\n<\/div><\/div><\/div><div class=\"wpb_column vc_column_container vc_col-sm-4\"><div class=\"vc_column-inner\"><div class=\"wpb_wrapper\">\n\t<div  class=\"wpb_single_image wpb_content_element vc_align_left\">\n\t\t\n\t\t<figure class=\"wpb_wrapper vc_figure\">\n\t\t\t<div class=\"vc_single_image-wrapper   vc_box_border_grey\"><img width=\"500\" height=\"300\" src=\"https:\/\/www.sugofood.com\/wp-content\/uploads\/2021\/09\/green-beans.png\" class=\"vc_single_image-img attachment-full\" alt=\"\" loading=\"lazy\" title=\"green-beans\" srcset=\"https:\/\/www.sugofood.com\/wp-content\/uploads\/2021\/09\/green-beans.png 500w, https:\/\/www.sugofood.com\/wp-content\/uploads\/2021\/09\/green-beans-300x180.png 300w\" sizes=\"(max-width: 500px) 100vw, 500px\"  data-dt-location=\"https:\/\/www.sugofood.com\/en\/zoldsegek\/green-beans\/\" \/><\/div>\n\t\t<\/figure>\n\t<\/div>\n\n\t<div class=\"wpb_text_column wpb_content_element\" >\n\t\t<div class=\"wpb_wrapper\">\n\t\t\t<p style=\"text-align: center;\"><strong>Chopped green beans with green pods<\/strong><\/p>\n\n\t\t<\/div>\n\t<\/div>\n<\/div><\/div><\/div><div class=\"wpb_column vc_column_container vc_col-sm-4\"><div class=\"vc_column-inner\"><div class=\"wpb_wrapper\">\n\t<div  class=\"wpb_single_image wpb_content_element vc_align_left\">\n\t\t\n\t\t<figure class=\"wpb_wrapper vc_figure\">\n\t\t\t<div class=\"vc_single_image-wrapper   vc_box_border_grey\"><img width=\"500\" height=\"300\" src=\"https:\/\/www.sugofood.com\/wp-content\/uploads\/2021\/09\/beans.png\" class=\"vc_single_image-img attachment-full\" alt=\"\" loading=\"lazy\" title=\"beans\" srcset=\"https:\/\/www.sugofood.com\/wp-content\/uploads\/2021\/09\/beans.png 500w, https:\/\/www.sugofood.com\/wp-content\/uploads\/2021\/09\/beans-300x180.png 300w\" sizes=\"(max-width: 500px) 100vw, 500px\"  data-dt-location=\"https:\/\/www.sugofood.com\/en\/zoldsegek\/beans\/\" \/><\/div>\n\t\t<\/figure>\n\t<\/div>\n\n\t<div class=\"wpb_text_column wpb_content_element\" >\n\t\t<div class=\"wpb_wrapper\">\n\t\t\t<p style=\"text-align: center;\"><strong>Refried beans<\/strong><\/p>\n\n\t\t<\/div>\n\t<\/div>\n<\/div><\/div><\/div><\/div><div class=\"vc_row wpb_row vc_inner vc_row-fluid\"><div class=\"wpb_column vc_column_container vc_col-sm-4\"><div class=\"vc_column-inner\"><div class=\"wpb_wrapper\"><\/div><\/div><\/div><div class=\"wpb_column vc_column_container vc_col-sm-4\"><div class=\"vc_column-inner\"><div class=\"wpb_wrapper\"><\/div><\/div><\/div><div class=\"wpb_column vc_column_container vc_col-sm-4\"><div class=\"vc_column-inner\"><div class=\"wpb_wrapper\"><\/div><\/div><\/div><\/div><div class=\"vc_row wpb_row vc_inner vc_row-fluid vc_row-o-equal-height vc_row-flex\"><div class=\"wpb_column vc_column_container vc_col-sm-4\"><div class=\"vc_column-inner\"><div class=\"wpb_wrapper\">\n\t<div  class=\"wpb_single_image wpb_content_element vc_align_left\">\n\t\t\n\t\t<figure class=\"wpb_wrapper vc_figure\">\n\t\t\t<div class=\"vc_single_image-wrapper   vc_box_border_grey\"><img width=\"500\" height=\"300\" src=\"https:\/\/www.sugofood.com\/wp-content\/uploads\/2021\/09\/carrot.png\" class=\"vc_single_image-img attachment-full\" alt=\"\" loading=\"lazy\" title=\"carrot\" srcset=\"https:\/\/www.sugofood.com\/wp-content\/uploads\/2021\/09\/carrot.png 500w, https:\/\/www.sugofood.com\/wp-content\/uploads\/2021\/09\/carrot-300x180.png 300w\" sizes=\"(max-width: 500px) 100vw, 500px\"  data-dt-location=\"https:\/\/www.sugofood.com\/en\/zoldsegek\/carrot\/\" \/><\/div>\n\t\t<\/figure>\n\t<\/div>\n\n\t<div class=\"wpb_text_column wpb_content_element\" >\n\t\t<div class=\"wpb_wrapper\">\n\t\t\t<p style=\"text-align: center;\"><strong>Carrots<\/strong><\/p>\n\n\t\t<\/div>\n\t<\/div>\n<\/div><\/div><\/div><div class=\"wpb_column vc_column_container vc_col-sm-4\"><div class=\"vc_column-inner\"><div class=\"wpb_wrapper\">\n\t<div  class=\"wpb_single_image wpb_content_element vc_align_center\">\n\t\t\n\t\t<figure class=\"wpb_wrapper vc_figure\">\n\t\t\t<div class=\"vc_single_image-wrapper   vc_box_border_grey\"><img class=\"vc_single_image-img\" src=\"https:\/\/www.sugofood.com\/wp-content\/uploads\/2022\/01\/parnship-331x198.png\" width=\"331\" height=\"198\" alt=\"parnship\" title=\"parnship\"  data-dt-location=\"https:\/\/www.sugofood.com\/en\/parnship\/\" \/><\/div>\n\t\t<\/figure>\n\t<\/div>\n\n\t<div class=\"wpb_text_column wpb_content_element  vc_custom_1641575970306\" >\n\t\t<div class=\"wpb_wrapper\">\n\t\t\t<p style=\"text-align: center;\"><strong>Parsnips<\/strong><\/p>\n\n\t\t<\/div>\n\t<\/div>\n<\/div><\/div><\/div><div class=\"wpb_column vc_column_container vc_col-sm-4\"><div class=\"vc_column-inner\"><div class=\"wpb_wrapper\">\n\t<div  class=\"wpb_single_image wpb_content_element vc_align_left\">\n\t\t\n\t\t<figure class=\"wpb_wrapper vc_figure\">\n\t\t\t<div class=\"vc_single_image-wrapper   vc_box_border_grey\"><img width=\"500\" height=\"300\" src=\"https:\/\/www.sugofood.com\/wp-content\/uploads\/2021\/09\/potato.png\" class=\"vc_single_image-img attachment-full\" alt=\"\" loading=\"lazy\" title=\"potato\" srcset=\"https:\/\/www.sugofood.com\/wp-content\/uploads\/2021\/09\/potato.png 500w, https:\/\/www.sugofood.com\/wp-content\/uploads\/2021\/09\/potato-300x180.png 300w\" sizes=\"(max-width: 500px) 100vw, 500px\"  data-dt-location=\"https:\/\/www.sugofood.com\/en\/zoldsegek\/potato\/\" \/><\/div>\n\t\t<\/figure>\n\t<\/div>\n\n\t<div class=\"wpb_text_column wpb_content_element\" >\n\t\t<div class=\"wpb_wrapper\">\n\t\t\t<p style=\"text-align: center;\"><strong>Potatoes<\/strong><\/p>\n\n\t\t<\/div>\n\t<\/div>\n<\/div><\/div><\/div><\/div><div class=\"vc_row wpb_row vc_inner vc_row-fluid\"><div class=\"wpb_column vc_column_container vc_col-sm-4\"><div class=\"vc_column-inner\"><div class=\"wpb_wrapper\"><\/div><\/div><\/div><div class=\"wpb_column vc_column_container vc_col-sm-4\"><div class=\"vc_column-inner\"><div class=\"wpb_wrapper\"><\/div><\/div><\/div><div class=\"wpb_column vc_column_container vc_col-sm-4\"><div class=\"vc_column-inner\"><div class=\"wpb_wrapper\"><\/div><\/div><\/div><\/div><div class=\"vc_row wpb_row vc_inner vc_row-fluid\"><div class=\"wpb_column vc_column_container vc_col-sm-4\"><div class=\"vc_column-inner\"><div class=\"wpb_wrapper\">\n\t<div  class=\"wpb_single_image wpb_content_element vc_align_left\">\n\t\t\n\t\t<figure class=\"wpb_wrapper vc_figure\">\n\t\t\t<div class=\"vc_single_image-wrapper   vc_box_border_grey\"><img width=\"500\" height=\"300\" src=\"https:\/\/www.sugofood.com\/wp-content\/uploads\/2021\/09\/spinach.png\" class=\"vc_single_image-img attachment-full\" alt=\"\" loading=\"lazy\" title=\"spinach\" srcset=\"https:\/\/www.sugofood.com\/wp-content\/uploads\/2021\/09\/spinach.png 500w, https:\/\/www.sugofood.com\/wp-content\/uploads\/2021\/09\/spinach-300x180.png 300w\" sizes=\"(max-width: 500px) 100vw, 500px\"  data-dt-location=\"https:\/\/www.sugofood.com\/en\/zoldsegek\/spinach\/\" \/><\/div>\n\t\t<\/figure>\n\t<\/div>\n\n\t<div class=\"wpb_text_column wpb_content_element\" >\n\t\t<div class=\"wpb_wrapper\">\n\t\t\t<p style=\"text-align: center;\"><strong>Spinach<\/strong><\/p>\n\n\t\t<\/div>\n\t<\/div>\n<\/div><\/div><\/div><div class=\"wpb_column vc_column_container vc_col-sm-4\"><div class=\"vc_column-inner\"><div class=\"wpb_wrapper\"><\/div><\/div><\/div><div class=\"wpb_column vc_column_container vc_col-sm-4\"><div class=\"vc_column-inner\"><div class=\"wpb_wrapper\">\n\t<div  class=\"wpb_single_image wpb_content_element vc_align_left\">\n\t\t\n\t\t<figure class=\"wpb_wrapper vc_figure\">\n\t\t\t<div class=\"vc_single_image-wrapper   vc_box_border_grey\"><img width=\"500\" height=\"300\" src=\"https:\/\/www.sugofood.com\/wp-content\/uploads\/2021\/09\/sorrel.png\" class=\"vc_single_image-img attachment-full\" alt=\"\" loading=\"lazy\" title=\"sorrel\" srcset=\"https:\/\/www.sugofood.com\/wp-content\/uploads\/2021\/09\/sorrel.png 500w, https:\/\/www.sugofood.com\/wp-content\/uploads\/2021\/09\/sorrel-300x180.png 300w\" sizes=\"(max-width: 500px) 100vw, 500px\"  data-dt-location=\"https:\/\/www.sugofood.com\/en\/zoldsegek\/sorrel\/\" \/><\/div>\n\t\t<\/figure>\n\t<\/div>\n\n\t<div class=\"wpb_text_column wpb_content_element\" >\n\t\t<div class=\"wpb_wrapper\">\n\t\t\t<p style=\"text-align: center;\"><strong>Sorrel<\/strong><\/p>\n\n\t\t<\/div>\n\t<\/div>\n<\/div><\/div><\/div><\/div><div class=\"vc_row wpb_row vc_inner vc_row-fluid\"><div class=\"wpb_column vc_column_container vc_col-sm-4\"><div class=\"vc_column-inner\"><div class=\"wpb_wrapper\"><\/div><\/div><\/div><div class=\"wpb_column vc_column_container vc_col-sm-4\"><div class=\"vc_column-inner\"><div class=\"wpb_wrapper\"><\/div><\/div><\/div><div class=\"wpb_column vc_column_container vc_col-sm-4\"><div class=\"vc_column-inner\"><div class=\"wpb_wrapper\"><\/div><\/div><\/div><\/div><\/div><\/div><\/div><\/div><div class=\"vc_row wpb_row vc_row-fluid vc_custom_1624484932382\"><div class=\"wpb_column vc_column_container vc_col-sm-12 vc_col-has-fill\"><div class=\"vc_column-inner vc_custom_1633456526889\"><div class=\"wpb_wrapper\">\n\t<div class=\"wpb_text_column wpb_content_element\" >\n\t\t<div class=\"wpb_wrapper\">\n\t\t\t<h2 style=\"text-align: center;\">OTHER VEGETABLE PRODUCTS<\/h2>\n<p style=\"text-align: center;\">Besides our priority vegetable products, our several other important and complete mono vegetable products are the following:<\/p>\n\n\t\t<\/div>\n\t<\/div>\n<div class=\"vc_row wpb_row vc_inner vc_row-fluid\"><div class=\"wpb_column vc_column_container vc_col-sm-4\"><div class=\"vc_column-inner\"><div class=\"wpb_wrapper\">\n\t<div  class=\"wpb_single_image wpb_content_element vc_align_center\">\n\t\t\n\t\t<figure class=\"wpb_wrapper vc_figure\">\n\t\t\t<div class=\"vc_single_image-wrapper   vc_box_border_grey\"><img width=\"500\" height=\"300\" src=\"https:\/\/www.sugofood.com\/wp-content\/uploads\/2022\/01\/broccoli.png\" class=\"vc_single_image-img attachment-full\" alt=\"\" loading=\"lazy\" title=\"broccoli\" srcset=\"https:\/\/www.sugofood.com\/wp-content\/uploads\/2022\/01\/broccoli.png 500w, https:\/\/www.sugofood.com\/wp-content\/uploads\/2022\/01\/broccoli-300x180.png 300w\" sizes=\"(max-width: 500px) 100vw, 500px\"  data-dt-location=\"https:\/\/www.sugofood.com\/en\/zoldsegek\/broccoli-2\/\" \/><\/div>\n\t\t<\/figure>\n\t<\/div>\n\n\t<div class=\"wpb_text_column wpb_content_element\" >\n\t\t<div class=\"wpb_wrapper\">\n\t\t\t<p style=\"text-align: center;\"><strong>Broccoli<\/strong><\/p>\n\n\t\t<\/div>\n\t<\/div>\n<\/div><\/div><\/div><div class=\"wpb_column vc_column_container vc_col-sm-4\"><div class=\"vc_column-inner\"><div class=\"wpb_wrapper\">\n\t<div  class=\"wpb_single_image wpb_content_element vc_align_center\">\n\t\t\n\t\t<figure class=\"wpb_wrapper vc_figure\">\n\t\t\t<div class=\"vc_single_image-wrapper   vc_box_border_grey\"><img width=\"500\" height=\"300\" src=\"https:\/\/www.sugofood.com\/wp-content\/uploads\/2022\/01\/karfiol.png\" class=\"vc_single_image-img attachment-full\" alt=\"\" loading=\"lazy\" title=\"karfiol\" srcset=\"https:\/\/www.sugofood.com\/wp-content\/uploads\/2022\/01\/karfiol.png 500w, https:\/\/www.sugofood.com\/wp-content\/uploads\/2022\/01\/karfiol-300x180.png 300w\" sizes=\"(max-width: 500px) 100vw, 500px\"  data-dt-location=\"https:\/\/www.sugofood.com\/en\/zoldsegek\/karfiol-2\/\" \/><\/div>\n\t\t<\/figure>\n\t<\/div>\n\n\t<div class=\"wpb_text_column wpb_content_element\" >\n\t\t<div class=\"wpb_wrapper\">\n\t\t\t<p style=\"text-align: center;\"><strong>Cauliflower<\/strong><\/p>\n\n\t\t<\/div>\n\t<\/div>\n<\/div><\/div><\/div><div class=\"wpb_column vc_column_container vc_col-sm-4\"><div class=\"vc_column-inner\"><div class=\"wpb_wrapper\">\n\t<div  class=\"wpb_single_image wpb_content_element vc_align_center\">\n\t\t\n\t\t<figure class=\"wpb_wrapper vc_figure\">\n\t\t\t<div class=\"vc_single_image-wrapper   vc_box_border_grey\"><img width=\"500\" height=\"300\" src=\"https:\/\/www.sugofood.com\/wp-content\/uploads\/2022\/01\/kelbimbo.png\" class=\"vc_single_image-img attachment-full\" alt=\"\" loading=\"lazy\" title=\"kelbimbo\" srcset=\"https:\/\/www.sugofood.com\/wp-content\/uploads\/2022\/01\/kelbimbo.png 500w, https:\/\/www.sugofood.com\/wp-content\/uploads\/2022\/01\/kelbimbo-300x180.png 300w\" sizes=\"(max-width: 500px) 100vw, 500px\"  data-dt-location=\"https:\/\/www.sugofood.com\/en\/zoldsegek\/kelbimbo-2\/\" \/><\/div>\n\t\t<\/figure>\n\t<\/div>\n\n\t<div class=\"wpb_text_column wpb_content_element\" >\n\t\t<div class=\"wpb_wrapper\">\n\t\t\t<p style=\"text-align: center;\"><strong>Brussels sprouts<\/strong><\/p>\n\n\t\t<\/div>\n\t<\/div>\n<\/div><\/div><\/div><\/div><div class=\"vc_row wpb_row vc_inner vc_row-fluid\"><div class=\"wpb_column vc_column_container vc_col-sm-4\"><div class=\"vc_column-inner\"><div class=\"wpb_wrapper\"><\/div><\/div><\/div><div class=\"wpb_column vc_column_container vc_col-sm-4\"><div class=\"vc_column-inner\"><div class=\"wpb_wrapper\"><\/div><\/div><\/div><div class=\"wpb_column vc_column_container vc_col-sm-4\"><div class=\"vc_column-inner\"><div class=\"wpb_wrapper\"><\/div><\/div><\/div><\/div><div class=\"vc_row wpb_row vc_inner vc_row-fluid\"><div class=\"wpb_column vc_column_container vc_col-sm-4\"><div class=\"vc_column-inner\"><div class=\"wpb_wrapper\">\n\t<div  class=\"wpb_single_image wpb_content_element vc_align_center\">\n\t\t\n\t\t<figure class=\"wpb_wrapper vc_figure\">\n\t\t\t<div class=\"vc_single_image-wrapper   vc_box_border_grey\"><img class=\"vc_single_image-img\" src=\"https:\/\/www.sugofood.com\/wp-content\/uploads\/2021\/12\/kohlrabi-500x300.png\" width=\"500\" height=\"300\" alt=\"kohlrabi\" title=\"kohlrabi\"  data-dt-location=\"https:\/\/www.sugofood.com\/en\/zoldsegek\/kohlrabi-2\/\" \/><\/div>\n\t\t<\/figure>\n\t<\/div>\n\n\t<div class=\"wpb_text_column wpb_content_element\" >\n\t\t<div class=\"wpb_wrapper\">\n\t\t\t<p style=\"text-align: center;\"><strong>Kohlrabi<\/strong><\/p>\n\n\t\t<\/div>\n\t<\/div>\n<\/div><\/div><\/div><div class=\"wpb_column vc_column_container vc_col-sm-4\"><div class=\"vc_column-inner\"><div class=\"wpb_wrapper\">\n\t<div  class=\"wpb_single_image wpb_content_element vc_align_center\">\n\t\t\n\t\t<figure class=\"wpb_wrapper vc_figure\">\n\t\t\t<div class=\"vc_single_image-wrapper   vc_box_border_grey\"><img width=\"500\" height=\"300\" src=\"https:\/\/www.sugofood.com\/wp-content\/uploads\/2022\/01\/green-beans2.png\" class=\"vc_single_image-img attachment-full\" alt=\"\" loading=\"lazy\" title=\"green-beans2\" srcset=\"https:\/\/www.sugofood.com\/wp-content\/uploads\/2022\/01\/green-beans2.png 500w, https:\/\/www.sugofood.com\/wp-content\/uploads\/2022\/01\/green-beans2-300x180.png 300w\" sizes=\"(max-width: 500px) 100vw, 500px\"  data-dt-location=\"https:\/\/www.sugofood.com\/en\/zoldsegek\/green-beans2-2\/\" \/><\/div>\n\t\t<\/figure>\n\t<\/div>\n\n\t<div class=\"wpb_text_column wpb_content_element\" >\n\t\t<div class=\"wpb_wrapper\">\n\t\t\t<p style=\"text-align: center;\"><strong>Green beans<\/strong><\/p>\n\n\t\t<\/div>\n\t<\/div>\n<\/div><\/div><\/div><div class=\"wpb_column vc_column_container vc_col-sm-4\"><div class=\"vc_column-inner\"><div class=\"wpb_wrapper\"><\/div><\/div><\/div><\/div><div class=\"vc_row wpb_row vc_inner vc_row-fluid\"><div class=\"wpb_column vc_column_container vc_col-sm-4\"><div class=\"vc_column-inner\"><div class=\"wpb_wrapper\"><\/div><\/div><\/div><div class=\"wpb_column vc_column_container vc_col-sm-4\"><div class=\"vc_column-inner\"><div class=\"wpb_wrapper\"><\/div><\/div><\/div><div class=\"wpb_column vc_column_container vc_col-sm-4\"><div class=\"vc_column-inner\"><div class=\"wpb_wrapper\"><\/div><\/div><\/div><\/div><\/div><\/div><\/div><\/div><div id=\"mixek\" class=\"vc_row wpb_row vc_row-fluid\"><div class=\"wpb_column vc_column_container vc_col-sm-12\"><div class=\"vc_column-inner\"><div class=\"wpb_wrapper\">\n\t<div class=\"wpb_text_column wpb_content_element\" >\n\t\t<div class=\"wpb_wrapper\">\n\t\t\t<h3>VEGETABLE MIXES<\/h3>\n<p>We are open to implement any new compositions according to the demands of our existing and future partners.<\/p>\n\n\t\t<\/div>\n\t<\/div>\n<div class=\"vc_row wpb_row vc_inner vc_row-fluid\"><div class=\"wpb_column vc_column_container vc_col-sm-4\"><div class=\"vc_column-inner\"><div class=\"wpb_wrapper\">\n\t<div  class=\"wpb_single_image wpb_content_element vc_align_center\">\n\t\t\n\t\t<figure class=\"wpb_wrapper vc_figure\">\n\t\t\t<div class=\"vc_single_image-wrapper   vc_box_border_grey\"><img width=\"500\" height=\"300\" src=\"https:\/\/www.sugofood.com\/wp-content\/uploads\/2022\/01\/french-salad.png\" class=\"vc_single_image-img attachment-full\" alt=\"\" loading=\"lazy\" title=\"french-salad\" srcset=\"https:\/\/www.sugofood.com\/wp-content\/uploads\/2022\/01\/french-salad.png 500w, https:\/\/www.sugofood.com\/wp-content\/uploads\/2022\/01\/french-salad-300x180.png 300w\" sizes=\"(max-width: 500px) 100vw, 500px\"  data-dt-location=\"https:\/\/www.sugofood.com\/en\/french-salad-2\/\" \/><\/div>\n\t\t<\/figure>\n\t<\/div>\n\n\t<div class=\"wpb_text_column wpb_content_element\" >\n\t\t<div class=\"wpb_wrapper\">\n\t\t\t<p style=\"text-align: center;\"><strong>French salad<\/strong><\/p>\n\n\t\t<\/div>\n\t<\/div>\n<\/div><\/div><\/div><div class=\"wpb_column vc_column_container vc_col-sm-4\"><div class=\"vc_column-inner\"><div class=\"wpb_wrapper\">\n\t<div  class=\"wpb_single_image wpb_content_element vc_align_center\">\n\t\t\n\t\t<figure class=\"wpb_wrapper vc_figure\">\n\t\t\t<div class=\"vc_single_image-wrapper   vc_box_border_grey\"><img width=\"500\" height=\"300\" src=\"https:\/\/www.sugofood.com\/wp-content\/uploads\/2022\/01\/soup-salad.png\" class=\"vc_single_image-img attachment-full\" alt=\"\" loading=\"lazy\" title=\"soup-salad\" srcset=\"https:\/\/www.sugofood.com\/wp-content\/uploads\/2022\/01\/soup-salad.png 500w, https:\/\/www.sugofood.com\/wp-content\/uploads\/2022\/01\/soup-salad-300x180.png 300w\" sizes=\"(max-width: 500px) 100vw, 500px\"  data-dt-location=\"https:\/\/www.sugofood.com\/en\/soup-salad-2\/\" \/><\/div>\n\t\t<\/figure>\n\t<\/div>\n\n\t<div class=\"wpb_text_column wpb_content_element\" >\n\t\t<div class=\"wpb_wrapper\">\n\t\t\t<p style=\"text-align: center;\"><strong>Soup mix<\/strong><\/p>\n\n\t\t<\/div>\n\t<\/div>\n<\/div><\/div><\/div><div class=\"wpb_column vc_column_container vc_col-sm-4\"><div class=\"vc_column-inner\"><div class=\"wpb_wrapper\">\n\t<div  class=\"wpb_single_image wpb_content_element vc_align_center\">\n\t\t\n\t\t<figure class=\"wpb_wrapper vc_figure\">\n\t\t\t<div class=\"vc_single_image-wrapper   vc_box_border_grey\"><img width=\"500\" height=\"300\" src=\"https:\/\/www.sugofood.com\/wp-content\/uploads\/2022\/01\/mexican-salad.png\" class=\"vc_single_image-img attachment-full\" alt=\"\" loading=\"lazy\" title=\"mexican-salad\" srcset=\"https:\/\/www.sugofood.com\/wp-content\/uploads\/2022\/01\/mexican-salad.png 500w, https:\/\/www.sugofood.com\/wp-content\/uploads\/2022\/01\/mexican-salad-300x180.png 300w\" sizes=\"(max-width: 500px) 100vw, 500px\"  data-dt-location=\"https:\/\/www.sugofood.com\/en\/mexican-salad-2\/\" \/><\/div>\n\t\t<\/figure>\n\t<\/div>\n\n\t<div class=\"wpb_text_column wpb_content_element\" >\n\t\t<div class=\"wpb_wrapper\">\n\t\t\t<p style=\"text-align: center;\"><strong>Mexican mix<\/strong><\/p>\n\n\t\t<\/div>\n\t<\/div>\n<\/div><\/div><\/div><\/div><div class=\"vc_row wpb_row vc_inner vc_row-fluid\"><div class=\"wpb_column vc_column_container vc_col-sm-4\"><div class=\"vc_column-inner\"><div class=\"wpb_wrapper\"><\/div><\/div><\/div><div class=\"wpb_column vc_column_container vc_col-sm-4\"><div class=\"vc_column-inner\"><div class=\"wpb_wrapper\"><\/div><\/div><\/div><div class=\"wpb_column vc_column_container vc_col-sm-4\"><div class=\"vc_column-inner\"><div class=\"wpb_wrapper\"><\/div><\/div><\/div><\/div><\/div><\/div><\/div><\/div>","protected":false},"excerpt":{"rendered":"<p>Z\u00d6LDS\u00c9GEK &#8211; KIEMELT TERM\u00c9KEK Gy\u00e1rt\u00e1sunk els\u0151sorban a Magyarorsz\u00e1gon honos z\u00f6lds\u00e9gek feldolgoz\u00e1s\u00e1ra \u00f6sszpontos\u00edt, ezek k\u00f6z\u00fcl is kiemelten a k\u00f6vetkez\u0151kre: Morzsolt csemegekukorica (norm\u00e1l \u00e9s szuper\u00e9des) Cs\u00f6ves kukorica (norm\u00e1l \u00e9s szuper\u00e9des) Z\u00f6ldbors\u00f3 S\u00e1rgah\u00fcvely\u0171 v\u00e1gott z\u00f6ldbab Z\u00f6ldh\u00fcvely\u0171 v\u00e1gott z\u00f6ldbab Fejtett bab S\u00e1rgar\u00e9pa Pasztern\u00e1k Burgonya Spen\u00f3t S\u00f3ska TOV\u00c1BBI Z\u00d6LDS\u00c9G TERM\u00c9KEK Kiemelt z\u00f6lds\u00e9g term\u00e9keink mellett sz\u00e1mos m\u00e1s fontos \u00e9s minden ig\u00e9nyt&hellip;<\/p>","protected":false},"author":2,"featured_media":0,"parent":0,"menu_order":0,"comment_status":"closed","ping_status":"closed","template":"","meta":[],"_links":{"self":[{"href":"https:\/\/www.sugofood.com\/en\/wp-json\/wp\/v2\/pages\/3452"}],"collection":[{"href":"https:\/\/www.sugofood.com\/en\/wp-json\/wp\/v2\/pages"}],"about":[{"href":"https:\/\/www.sugofood.com\/en\/wp-json\/wp\/v2\/types\/page"}],"author":[{"embeddable":true,"href":"https:\/\/www.sugofood.com\/en\/wp-json\/wp\/v2\/users\/2"}],"replies":[{"embeddable":true,"href":"https:\/\/www.sugofood.com\/en\/wp-json\/wp\/v2\/comments?post=3452"}],"version-history":[{"count":33,"href":"https:\/\/www.sugofood.com\/en\/wp-json\/wp\/v2\/pages\/3452\/revisions"}],"predecessor-version":[{"id":3609,"href":"https:\/\/www.sugofood.com\/en\/wp-json\/wp\/v2\/pages\/3452\/revisions\/3609"}],"wp:attachment":[{"href":"https:\/\/www.sugofood.com\/en\/wp-json\/wp\/v2\/media?parent=3452"}],"curies":[{"name":"wp","href":"https:\/\/api.w.org\/{rel}","templated":true}]}}