{"id":286,"date":"2020-04-30T12:26:48","date_gmt":"2020-04-30T12:26:48","guid":{"rendered":"http:\/\/www.sugofood.com\/?page_id=286"},"modified":"2020-07-30T07:06:22","modified_gmt":"2020-07-30T07:06:22","slug":"logisztika","status":"publish","type":"page","link":"https:\/\/www.sugofood.com\/en\/termeles\/logisztika\/","title":{"rendered":"Logisztika"},"content":{"rendered":"<div class=\"vc_row wpb_row vc_row-fluid\"><div class=\"wpb_column vc_column_container vc_col-sm-12\"><div class=\"vc_column-inner\"><div class=\"wpb_wrapper\">\t\t\t<rs-module-wrap id=\"rev_slider_error_1_wrapper\">\n\t\t\t\t<rs-module id=\"rev_slider_error_1\">\n\t\t\t\t\t<div class=\"rs_error_message_box\">\n\t\t\t\t\t\t<div class=\"rs_error_message_oops\">Oops...<\/div>\n\t\t\t\t\t\t<div class=\"rs_error_message_content\">Slider with alias termeltetes_aloldal-11 not found.<\/div>\n\t\t\t\t\t<\/div>\n\t\t\t\t<\/rs-module>\n\t\t\t<\/rs-module-wrap>\n\t\t\t<script>\n\t\t\t\tvar rs_eslider = document.getElementById(\"rev_slider_error_1\");\n\t\t\t\trs_eslider.style.display = \"none\";\n\t\t\t\tconsole.log(\"Slider with alias termeltetes_aloldal-11 not found.\");\n\t\t\t<\/script>\n<\/div><\/div><\/div><\/div><div class=\"vc_row wpb_row vc_row-fluid\"><div class=\"wpb_column vc_column_container vc_col-sm-12\"><div class=\"vc_column-inner\"><div class=\"wpb_wrapper\"><div class=\"vc_separator wpb_content_element vc_separator_align_center vc_sep_width_100 vc_sep_pos_align_center vc_separator_no_text vc_sep_color_grey\" ><span class=\"vc_sep_holder vc_sep_holder_l\"><span  class=\"vc_sep_line\"><\/span><\/span><span class=\"vc_sep_holder vc_sep_holder_r\"><span  class=\"vc_sep_line\"><\/span><\/span>\n<\/div><\/div><\/div><\/div><\/div><div class=\"vc_row wpb_row vc_row-fluid\"><div class=\"wpb_column vc_column_container vc_col-sm-12\"><div class=\"vc_column-inner\"><div class=\"wpb_wrapper\">\n<div class=\"vc_grid-container-wrapper vc_clearfix vc_grid-animation-zoomIn\">\n\t<div class=\"vc_grid-container vc_clearfix wpb_content_element vc_media_grid\" data-initial-loading-animation=\"zoomIn\" data-vc-grid-settings=\"{&quot;page_id&quot;:286,&quot;style&quot;:&quot;pagination&quot;,&quot;action&quot;:&quot;vc_get_vc_grid_data&quot;,&quot;shortcode_id&quot;:&quot;1596092036725-fe3265cc-90fc-1&quot;,&quot;items_per_page&quot;:&quot;10&quot;,&quot;auto_play&quot;:false,&quot;gap&quot;:5,&quot;speed&quot;:-1000,&quot;loop&quot;:&quot;&quot;,&quot;animation_in&quot;:&quot;&quot;,&quot;animation_out&quot;:&quot;&quot;,&quot;arrows_design&quot;:&quot;none&quot;,&quot;arrows_color&quot;:&quot;blue&quot;,&quot;arrows_position&quot;:&quot;inside&quot;,&quot;paging_design&quot;:&quot;radio_dots&quot;,&quot;paging_color&quot;:&quot;grey&quot;,&quot;tag&quot;:&quot;vc_media_grid&quot;}\" data-vc-request=\"https:\/\/www.sugofood.com\/wp-admin\/admin-ajax.php\" data-vc-post-id=\"286\" data-vc-public-nonce=\"df519b3660\">\n\t\t\n\t<\/div>\n<\/div><\/div><\/div><\/div><\/div><div class=\"vc_row wpb_row vc_row-fluid\"><div class=\"wpb_column vc_column_container vc_col-sm-12\"><div class=\"vc_column-inner\"><div class=\"wpb_wrapper\"><div class=\"vc_separator wpb_content_element vc_separator_align_center vc_sep_width_100 vc_sep_pos_align_center vc_separator_no_text vc_sep_color_grey\" ><span class=\"vc_sep_holder vc_sep_holder_l\"><span  class=\"vc_sep_line\"><\/span><\/span><span class=\"vc_sep_holder vc_sep_holder_r\"><span  class=\"vc_sep_line\"><\/span><\/span>\n<\/div><\/div><\/div><\/div><\/div><div class=\"vc_row wpb_row vc_row-fluid\"><div class=\"wpb_column vc_column_container vc_col-sm-12\"><div class=\"vc_column-inner\"><div class=\"wpb_wrapper\">\n\t\t\t<!-- START termeltetes REVOLUTION SLIDER 6.5.12 --><p class=\"rs-p-wp-fix\"><\/p>\n\t\t\t<rs-module-wrap id=\"rev_slider_68_2_wrapper\" data-source=\"gallery\" style=\"visibility:hidden;background:transparent;padding:0;margin:0px auto;margin-top:0;margin-bottom:0;\">\n\t\t\t\t<rs-module id=\"rev_slider_68_2\" style=\"\" data-version=\"6.5.12\">\n\t\t\t\t\t<rs-slides>\n\t\t\t\t\t\t<rs-slide style=\"position: absolute;\" data-key=\"rs-131\" data-title=\"Ken Burns\" data-anim=\"ms:500ms;\" data-in=\"o:0;\" data-out=\"a:false;\">\n\t\t\t\t\t\t\t<img src=\"\/\/www.sugofood.com\/wp-content\/plugins\/revslider\/public\/assets\/assets\/dummy.png\" alt=\"betakaritas_sugofood\" title=\"betakaritas_sugofood\" width=\"1000\" height=\"563\" class=\"rev-slidebg tp-rs-img rs-lazyload\" data-lazyload=\"\/\/www.sugofood.com\/wp-content\/uploads\/2020\/07\/betakaritas_sugofood-1.jpg\" data-parallax=\"14\" data-panzoom=\"d:20000ms;ss:115%;se:115%;os:-100px\/0;oe:100px\/0;\" data-no-retina>\n<!--\t\t\t\t\t\t--><rs-zone id=\"rrzt_131\" class=\"rev_row_zone_top\" style=\"z-index: 13;\"><!--\n\n\t\t\t\t\t\t\t\t--><rs-row\n\t\t\t\t\t\t\t\t\tid=\"slider-68-slide-131-layer-0\" \n\t\t\t\t\t\t\t\t\tdata-type=\"row\"\n\t\t\t\t\t\t\t\t\tdata-xy=\"xo:50px;yo:50px;\"\n\t\t\t\t\t\t\t\t\tdata-rsp_bd=\"off\"\n\t\t\t\t\t\t\t\t\tdata-margin=\"t:150,140,120,90;\"\n\t\t\t\t\t\t\t\t\tdata-frame_0=\"o:1;\"\n\t\t\t\t\t\t\t\t\tdata-frame_999=\"o:0;st:w;sR:8700;sA:9000;\"\n\t\t\t\t\t\t\t\t\tstyle=\"z-index:1;\"\n\t\t\t\t\t\t\t\t><!--\n\t\t\t\t\t\t\t\t\t--><rs-column\n\t\t\t\t\t\t\t\t\t\tid=\"slider-68-slide-131-layer-1\" \n\t\t\t\t\t\t\t\t\t\tdata-type=\"column\"\n\t\t\t\t\t\t\t\t\t\tdata-xy=\"xo:50px;yo:50px;\"\n\t\t\t\t\t\t\t\t\t\tdata-text=\"a:center;\"\n\t\t\t\t\t\t\t\t\t\tdata-rsp_bd=\"off\"\n\t\t\t\t\t\t\t\t\t\tdata-column=\"w:100%;\"\n\t\t\t\t\t\t\t\t\t\tdata-frame_0=\"o:1;\"\n\t\t\t\t\t\t\t\t\t\tdata-frame_999=\"o:0;st:w;sR:8700;sA:9000;\"\n\t\t\t\t\t\t\t\t\t\tstyle=\"z-index:2;width:100%;\"\n\t\t\t\t\t\t\t\t\t><!--\n\t\t\t\t\t\t\t\t\t\t--><rs-layer\n\t\t\t\t\t\t\t\t\t\t\tid=\"slider-68-slide-131-layer-4\" \n\t\t\t\t\t\t\t\t\t\t\tdata-type=\"text\"\n\t\t\t\t\t\t\t\t\t\t\tdata-text=\"w:normal;s:100,80,60,40;l:100,80,60,40;fw:600;a:center;\"\n\t\t\t\t\t\t\t\t\t\t\tdata-rsp_o=\"off\"\n\t\t\t\t\t\t\t\t\t\t\tdata-rsp_bd=\"off\"\n\t\t\t\t\t\t\t\t\t\t\tdata-frame_0=\"o:1;\"\n\t\t\t\t\t\t\t\t\t\t\tdata-frame_0_chars=\"d:5;y:cyc(-80|80);o:0;rX:0deg;\"\n\t\t\t\t\t\t\t\t\t\t\tdata-frame_0_mask=\"u:t;\"\n\t\t\t\t\t\t\t\t\t\t\tdata-frame_1=\"e:power4.out;st:300;sp:1000;sR:300;\"\n\t\t\t\t\t\t\t\t\t\t\tdata-frame_1_chars=\"e:power4.out;dir:random;d:5;\"\n\t\t\t\t\t\t\t\t\t\t\tdata-frame_1_mask=\"u:t;\"\n\t\t\t\t\t\t\t\t\t\t\tdata-frame_999=\"o:0;st:w;sR:7310;\"\n\t\t\t\t\t\t\t\t\t\t\tstyle=\"z-index:3;font-family:'Montserrat';\"\n\t\t\t\t\t\t\t\t\t\t>TERMELTET\u00c9S \n\t\t\t\t\t\t\t\t\t\t<\/rs-layer><!--\n\n\t\t\t\t\t\t\t\t\t\t--><rs-layer\n\t\t\t\t\t\t\t\t\t\t\tid=\"slider-68-slide-131-layer-5\" \n\t\t\t\t\t\t\t\t\t\t\tdata-type=\"text\"\n\t\t\t\t\t\t\t\t\t\t\tdata-text=\"w:normal;s:20,20,15,13;l:30,30,25,20;a:center;\"\n\t\t\t\t\t\t\t\t\t\t\tdata-rsp_o=\"off\"\n\t\t\t\t\t\t\t\t\t\t\tdata-rsp_bd=\"off\"\n\t\t\t\t\t\t\t\t\t\t\tdata-margin=\"t:50,40,30,20;\"\n\t\t\t\t\t\t\t\t\t\t\tdata-frame_0=\"y:20px;\"\n\t\t\t\t\t\t\t\t\t\t\tdata-frame_1=\"e:power4.out;st:350;sp:1000;sR:350;\"\n\t\t\t\t\t\t\t\t\t\t\tdata-frame_999=\"o:0;st:w;sR:7650;\"\n\t\t\t\t\t\t\t\t\t\t\tstyle=\"z-index:4;font-family:'Montserrat';\"\n\t\t\t\t\t\t\t\t\t\t>A gy\u00e1r alapanyaggal t\u00f6rt\u00e9n\u0151 ell\u00e1t\u00e1s\u00e1t a termeltet\u00e9si oszt\u00e1ly v\u00e9gzi a min\u0151s\u00e9gbiztos\u00edt\u00e1si rendszerek el\u0151\u00edr\u00e1sai alapj\u00e1n.  \n\t\t\t\t\t\t\t\t\t\t<\/rs-layer><!--\n\n\t\t\t\t\t\t\t\t\t\t--><a\n\t\t\t\t\t\t\t\t\t\t\tid=\"slider-68-slide-131-layer-6\" \n\t\t\t\t\t\t\t\t\t\t\tclass=\"rs-layer rev-btn\"\n\t\t\t\t\t\t\t\t\t\t\thref=\"https:\/\/www.sugofood.com\/en\/termeles\/termeltetes-agro\/\" target=\"_self\" rel=\"nofollow\"\n\t\t\t\t\t\t\t\t\t\t\tdata-type=\"button\"\n\t\t\t\t\t\t\t\t\t\t\tdata-color=\"#000000\"\n\t\t\t\t\t\t\t\t\t\t\tdata-bsh=\"c:rgba(0,0,0,0.15);v:10px;b:20px;\"\n\t\t\t\t\t\t\t\t\t\t\tdata-text=\"w:normal;s:17,17,15,15;l:48,48,40,40;fw:600;\"\n\t\t\t\t\t\t\t\t\t\t\tdata-dim=\"minh:0px,none,none,none;\"\n\t\t\t\t\t\t\t\t\t\t\tdata-rsp_o=\"off\"\n\t\t\t\t\t\t\t\t\t\t\tdata-rsp_bd=\"off\"\n\t\t\t\t\t\t\t\t\t\t\tdata-disp=\"inline-block\"\n\t\t\t\t\t\t\t\t\t\t\tdata-margin=\"t:70,60,50,30;\"\n\t\t\t\t\t\t\t\t\t\t\tdata-padding=\"r:39,39,30,30;l:39,39,30,30;\"\n\t\t\t\t\t\t\t\t\t\t\tdata-border=\"bos:solid;boc:#ffffff;bow:1px,1px,1px,1px;bor:3px,3px,3px,3px;\"\n\t\t\t\t\t\t\t\t\t\t\tdata-frame_0=\"y:20px;\"\n\t\t\t\t\t\t\t\t\t\t\tdata-frame_1=\"e:power4.out;st:400;sp:1000;sR:400;\"\n\t\t\t\t\t\t\t\t\t\t\tdata-frame_999=\"o:0;st:w;sR:7600;\"\n\t\t\t\t\t\t\t\t\t\t\tdata-frame_hover=\"c:#fff;bgc:transparent;boc:rgba(255,255,255,0.5);bor:3px,3px,3px,3px;bos:solid;bow:1px,1px,1px,1px;sp:300ms;e:power1.inOut;bri:100%;\"\n\t\t\t\t\t\t\t\t\t\t\tstyle=\"z-index:5;background-color:#ffffff;font-family:'Montserrat';cursor:pointer;display:inline-block;\"\n\t\t\t\t\t\t\t\t\t\t>TOV\u00c1BB \n\t\t\t\t\t\t\t\t\t\t<\/a><!--\n\t\t\t\t\t\t\t\t\t--><\/rs-column><!--\n\t\t\t\t\t\t\t\t--><\/rs-row><!--\n\t\t\t\t\t\t\t--><\/rs-zone><!--\n\n\t\t\t\t\t\t\t--><rs-layer\n\t\t\t\t\t\t\t\tid=\"slider-68-slide-131-layer-10\" \n\t\t\t\t\t\t\t\tdata-type=\"shape\"\n\t\t\t\t\t\t\t\tdata-rsp_ch=\"on\"\n\t\t\t\t\t\t\t\tdata-text=\"w:normal;s:20,16,12,7;l:0,20,15,9;\"\n\t\t\t\t\t\t\t\tdata-dim=\"w:100%;h:100%;\"\n\t\t\t\t\t\t\t\tdata-basealign=\"slide\"\n\t\t\t\t\t\t\t\tdata-frame_1=\"e:power2.inOut;sp:500;\"\n\t\t\t\t\t\t\t\tdata-frame_999=\"o:0;e:power2.inOut;st:w;sp:500;sR:8500;\"\n\t\t\t\t\t\t\t\tstyle=\"z-index:11;background-color:rgba(0,0,0,0.25);\"\n\t\t\t\t\t\t\t> \n\t\t\t\t\t\t\t<\/rs-layer><!--\n-->\t\t\t\t\t\t<\/rs-slide>\n\t\t\t\t\t<\/rs-slides>\n\t\t\t\t<\/rs-module>\n\t\t\t\t<script>\n\t\t\t\t\tsetREVStartSize({c: 'rev_slider_68_2',rl:[1240,1024,778,480],el:[630,570,472,352],gw:[1240,1024,778,480],gh:[630,570,472,352],type:'hero',justify:'',layout:'fullwidth',mh:\"0\"});if (window.RS_MODULES!==undefined && window.RS_MODULES.modules!==undefined && window.RS_MODULES.modules[\"revslider682\"]!==undefined) {window.RS_MODULES.modules[\"revslider682\"].once = false;window.revapi68 = undefined;if (window.RS_MODULES.checkMinimal!==undefined) window.RS_MODULES.checkMinimal()}\n\t\t\t\t<\/script>\n\t\t\t<\/rs-module-wrap>\n\t\t\t<!-- END REVOLUTION SLIDER -->\n<\/div><\/div><\/div><\/div><div class=\"vc_row wpb_row vc_row-fluid\"><div class=\"wpb_column vc_column_container vc_col-sm-12\"><div class=\"vc_column-inner\"><div class=\"wpb_wrapper\"><div class=\"vc_separator wpb_content_element vc_separator_align_center vc_sep_width_100 vc_sep_pos_align_center vc_separator_no_text vc_sep_color_grey\" ><span class=\"vc_sep_holder vc_sep_holder_l\"><span  class=\"vc_sep_line\"><\/span><\/span><span class=\"vc_sep_holder vc_sep_holder_r\"><span  class=\"vc_sep_line\"><\/span><\/span>\n<\/div><\/div><\/div><\/div><\/div><div class=\"vc_row wpb_row vc_row-fluid\"><div class=\"wpb_column vc_column_container vc_col-sm-12\"><div class=\"vc_column-inner\"><div class=\"wpb_wrapper\">\n\t\t\t<!-- START gyartas REVOLUTION SLIDER 6.5.12 --><p class=\"rs-p-wp-fix\"><\/p>\n\t\t\t<rs-module-wrap id=\"rev_slider_69_3_wrapper\" data-source=\"gallery\" style=\"visibility:hidden;background:transparent;padding:0;margin:0px auto;margin-top:0;margin-bottom:0;\">\n\t\t\t\t<rs-module id=\"rev_slider_69_3\" style=\"\" data-version=\"6.5.12\">\n\t\t\t\t\t<rs-slides>\n\t\t\t\t\t\t<rs-slide style=\"position: absolute;\" data-key=\"rs-132\" data-title=\"Ken Burns\" data-anim=\"ms:500ms;\" data-in=\"o:0;\" data-out=\"a:false;\">\n\t\t\t\t\t\t\t<img src=\"\/\/www.sugofood.com\/wp-content\/plugins\/revslider\/public\/assets\/assets\/dummy.png\" alt=\"borso_gyartas_sugofood\" title=\"borso_gyartas_sugofood\" width=\"1000\" height=\"563\" class=\"rev-slidebg tp-rs-img rs-lazyload\" data-lazyload=\"\/\/www.sugofood.com\/wp-content\/uploads\/2020\/07\/borso_gyartas_sugofood-1.jpg\" data-parallax=\"14\" data-panzoom=\"d:20000ms;ss:115%;se:115%;os:-100px\/0;oe:100px\/0;\" data-no-retina>\n<!--\t\t\t\t\t\t--><rs-zone id=\"rrzt_132\" class=\"rev_row_zone_top\" style=\"z-index: 13;\"><!--\n\n\t\t\t\t\t\t\t\t--><rs-row\n\t\t\t\t\t\t\t\t\tid=\"slider-69-slide-132-layer-0\" \n\t\t\t\t\t\t\t\t\tdata-type=\"row\"\n\t\t\t\t\t\t\t\t\tdata-xy=\"xo:50px;yo:50px;\"\n\t\t\t\t\t\t\t\t\tdata-rsp_bd=\"off\"\n\t\t\t\t\t\t\t\t\tdata-margin=\"t:150,140,120,90;\"\n\t\t\t\t\t\t\t\t\tdata-frame_0=\"o:1;\"\n\t\t\t\t\t\t\t\t\tdata-frame_999=\"o:0;st:w;sR:8700;sA:9000;\"\n\t\t\t\t\t\t\t\t\tstyle=\"z-index:1;\"\n\t\t\t\t\t\t\t\t><!--\n\t\t\t\t\t\t\t\t\t--><rs-column\n\t\t\t\t\t\t\t\t\t\tid=\"slider-69-slide-132-layer-1\" \n\t\t\t\t\t\t\t\t\t\tdata-type=\"column\"\n\t\t\t\t\t\t\t\t\t\tdata-xy=\"xo:50px;yo:50px;\"\n\t\t\t\t\t\t\t\t\t\tdata-text=\"a:center;\"\n\t\t\t\t\t\t\t\t\t\tdata-rsp_bd=\"off\"\n\t\t\t\t\t\t\t\t\t\tdata-column=\"w:100%;\"\n\t\t\t\t\t\t\t\t\t\tdata-frame_0=\"o:1;\"\n\t\t\t\t\t\t\t\t\t\tdata-frame_999=\"o:0;st:w;sR:8700;sA:9000;\"\n\t\t\t\t\t\t\t\t\t\tstyle=\"z-index:2;width:100%;\"\n\t\t\t\t\t\t\t\t\t><!--\n\t\t\t\t\t\t\t\t\t\t--><rs-layer\n\t\t\t\t\t\t\t\t\t\t\tid=\"slider-69-slide-132-layer-4\" \n\t\t\t\t\t\t\t\t\t\t\tdata-type=\"text\"\n\t\t\t\t\t\t\t\t\t\t\tdata-text=\"w:normal;s:100,80,60,40;l:100,80,60,40;fw:600;a:center;\"\n\t\t\t\t\t\t\t\t\t\t\tdata-rsp_o=\"off\"\n\t\t\t\t\t\t\t\t\t\t\tdata-rsp_bd=\"off\"\n\t\t\t\t\t\t\t\t\t\t\tdata-frame_0=\"o:1;\"\n\t\t\t\t\t\t\t\t\t\t\tdata-frame_0_chars=\"d:5;y:cyc(-80|80);o:0;rX:0deg;\"\n\t\t\t\t\t\t\t\t\t\t\tdata-frame_0_mask=\"u:t;\"\n\t\t\t\t\t\t\t\t\t\t\tdata-frame_1=\"e:power4.out;st:300;sp:1000;sR:300;\"\n\t\t\t\t\t\t\t\t\t\t\tdata-frame_1_chars=\"e:power4.out;dir:random;d:5;\"\n\t\t\t\t\t\t\t\t\t\t\tdata-frame_1_mask=\"u:t;\"\n\t\t\t\t\t\t\t\t\t\t\tdata-frame_999=\"o:0;st:w;sR:7310;\"\n\t\t\t\t\t\t\t\t\t\t\tstyle=\"z-index:3;font-family:'Montserrat';\"\n\t\t\t\t\t\t\t\t\t\t>GY\u00c1RT\u00c1S \n\t\t\t\t\t\t\t\t\t\t<\/rs-layer><!--\n\n\t\t\t\t\t\t\t\t\t\t--><rs-layer\n\t\t\t\t\t\t\t\t\t\t\tid=\"slider-69-slide-132-layer-5\" \n\t\t\t\t\t\t\t\t\t\t\tdata-type=\"text\"\n\t\t\t\t\t\t\t\t\t\t\tdata-text=\"w:normal;s:20,20,15,13;l:30,30,25,20;a:center;\"\n\t\t\t\t\t\t\t\t\t\t\tdata-rsp_o=\"off\"\n\t\t\t\t\t\t\t\t\t\t\tdata-rsp_bd=\"off\"\n\t\t\t\t\t\t\t\t\t\t\tdata-margin=\"t:50,40,30,20;\"\n\t\t\t\t\t\t\t\t\t\t\tdata-frame_0=\"y:20px;\"\n\t\t\t\t\t\t\t\t\t\t\tdata-frame_1=\"e:power4.out;st:350;sp:1000;sR:350;\"\n\t\t\t\t\t\t\t\t\t\t\tdata-frame_999=\"o:0;st:w;sR:7650;\"\n\t\t\t\t\t\t\t\t\t\t\tstyle=\"z-index:4;font-family:'Montserrat';\"\n\t\t\t\t\t\t\t\t\t\t>Be\u00e9rkez\u0151 z\u00f6lds\u00e9gek \u00e9s gy\u00fcm\u00f6lcs\u00f6k feldolgoz\u00e1sa \u00e9s csomagol\u00e1sa \n\t\t\t\t\t\t\t\t\t\t<\/rs-layer><!--\n\n\t\t\t\t\t\t\t\t\t\t--><a\n\t\t\t\t\t\t\t\t\t\t\tid=\"slider-69-slide-132-layer-6\" \n\t\t\t\t\t\t\t\t\t\t\tclass=\"rs-layer rev-btn\"\n\t\t\t\t\t\t\t\t\t\t\thref=\"https:\/\/www.sugofood.com\/en\/termeles\/gyartas\/\" target=\"_self\" rel=\"nofollow\"\n\t\t\t\t\t\t\t\t\t\t\tdata-type=\"button\"\n\t\t\t\t\t\t\t\t\t\t\tdata-color=\"#000000\"\n\t\t\t\t\t\t\t\t\t\t\tdata-bsh=\"c:rgba(0,0,0,0.15);v:10px;b:20px;\"\n\t\t\t\t\t\t\t\t\t\t\tdata-text=\"w:normal;s:17,17,15,15;l:48,48,40,40;fw:600;\"\n\t\t\t\t\t\t\t\t\t\t\tdata-dim=\"minh:0px,none,none,none;\"\n\t\t\t\t\t\t\t\t\t\t\tdata-rsp_o=\"off\"\n\t\t\t\t\t\t\t\t\t\t\tdata-rsp_bd=\"off\"\n\t\t\t\t\t\t\t\t\t\t\tdata-disp=\"inline-block\"\n\t\t\t\t\t\t\t\t\t\t\tdata-margin=\"t:70,60,50,30;\"\n\t\t\t\t\t\t\t\t\t\t\tdata-padding=\"r:39,39,30,30;l:39,39,30,30;\"\n\t\t\t\t\t\t\t\t\t\t\tdata-border=\"bos:solid;boc:#ffffff;bow:1px,1px,1px,1px;bor:3px,3px,3px,3px;\"\n\t\t\t\t\t\t\t\t\t\t\tdata-frame_0=\"y:20px;\"\n\t\t\t\t\t\t\t\t\t\t\tdata-frame_1=\"e:power4.out;st:400;sp:1000;sR:400;\"\n\t\t\t\t\t\t\t\t\t\t\tdata-frame_999=\"o:0;st:w;sR:7600;\"\n\t\t\t\t\t\t\t\t\t\t\tdata-frame_hover=\"c:#fff;bgc:transparent;boc:rgba(255,255,255,0.5);bor:3px,3px,3px,3px;bos:solid;bow:1px,1px,1px,1px;sp:300ms;e:power1.inOut;bri:100%;\"\n\t\t\t\t\t\t\t\t\t\t\tstyle=\"z-index:5;background-color:#ffffff;font-family:'Montserrat';cursor:pointer;display:inline-block;\"\n\t\t\t\t\t\t\t\t\t\t>TOV\u00c1BB \n\t\t\t\t\t\t\t\t\t\t<\/a><!--\n\t\t\t\t\t\t\t\t\t--><\/rs-column><!--\n\t\t\t\t\t\t\t\t--><\/rs-row><!--\n\t\t\t\t\t\t\t--><\/rs-zone><!--\n\n\t\t\t\t\t\t\t--><rs-layer\n\t\t\t\t\t\t\t\tid=\"slider-69-slide-132-layer-10\" \n\t\t\t\t\t\t\t\tdata-type=\"shape\"\n\t\t\t\t\t\t\t\tdata-rsp_ch=\"on\"\n\t\t\t\t\t\t\t\tdata-text=\"w:normal;s:20,16,12,7;l:0,20,15,9;\"\n\t\t\t\t\t\t\t\tdata-dim=\"w:100%;h:100%;\"\n\t\t\t\t\t\t\t\tdata-basealign=\"slide\"\n\t\t\t\t\t\t\t\tdata-frame_1=\"e:power2.inOut;sp:500;\"\n\t\t\t\t\t\t\t\tdata-frame_999=\"o:0;e:power2.inOut;st:w;sp:500;sR:8500;\"\n\t\t\t\t\t\t\t\tstyle=\"z-index:11;background-color:rgba(0,0,0,0.25);\"\n\t\t\t\t\t\t\t> \n\t\t\t\t\t\t\t<\/rs-layer><!--\n-->\t\t\t\t\t\t<\/rs-slide>\n\t\t\t\t\t<\/rs-slides>\n\t\t\t\t<\/rs-module>\n\t\t\t\t<script>\n\t\t\t\t\tsetREVStartSize({c: 'rev_slider_69_3',rl:[1240,1024,778,480],el:[630,570,472,352],gw:[1240,1024,778,480],gh:[630,570,472,352],type:'hero',justify:'',layout:'fullwidth',mh:\"0\"});if (window.RS_MODULES!==undefined && window.RS_MODULES.modules!==undefined && window.RS_MODULES.modules[\"revslider693\"]!==undefined) {window.RS_MODULES.modules[\"revslider693\"].once = false;window.revapi69 = undefined;if (window.RS_MODULES.checkMinimal!==undefined) window.RS_MODULES.checkMinimal()}\n\t\t\t\t<\/script>\n\t\t\t<\/rs-module-wrap>\n\t\t\t<!-- END REVOLUTION SLIDER -->\n<\/div><\/div><\/div><\/div>","protected":false},"excerpt":{"rendered":"","protected":false},"author":1,"featured_media":0,"parent":34,"menu_order":0,"comment_status":"closed","ping_status":"closed","template":"","meta":[],"_links":{"self":[{"href":"https:\/\/www.sugofood.com\/en\/wp-json\/wp\/v2\/pages\/286"}],"collection":[{"href":"https:\/\/www.sugofood.com\/en\/wp-json\/wp\/v2\/pages"}],"about":[{"href":"https:\/\/www.sugofood.com\/en\/wp-json\/wp\/v2\/types\/page"}],"author":[{"embeddable":true,"href":"https:\/\/www.sugofood.com\/en\/wp-json\/wp\/v2\/users\/1"}],"replies":[{"embeddable":true,"href":"https:\/\/www.sugofood.com\/en\/wp-json\/wp\/v2\/comments?post=286"}],"version-history":[{"count":3,"href":"https:\/\/www.sugofood.com\/en\/wp-json\/wp\/v2\/pages\/286\/revisions"}],"predecessor-version":[{"id":591,"href":"https:\/\/www.sugofood.com\/en\/wp-json\/wp\/v2\/pages\/286\/revisions\/591"}],"up":[{"embeddable":true,"href":"https:\/\/www.sugofood.com\/en\/wp-json\/wp\/v2\/pages\/34"}],"wp:attachment":[{"href":"https:\/\/www.sugofood.com\/en\/wp-json\/wp\/v2\/media?parent=286"}],"curies":[{"name":"wp","href":"https:\/\/api.w.org\/{rel}","templated":true}]}}